{"id":27774,"date":"2025-11-24T16:32:28","date_gmt":"2025-11-24T15:32:28","guid":{"rendered":"https:\/\/stampcurio.com\/product\/1900-szingapur-nemet-uj-guineaba-kuldott-boritek-cegbelyegzovel-eloervenytelenitve-tl-goslimes-co\/"},"modified":"2025-12-05T04:00:47","modified_gmt":"2025-12-05T03:00:47","slug":"1900-szingapur-nemet-uj-guineaba-kuldott-boritek-melyen-a-belyegek-tl-goslimes-co-cegbelyegzovel-eloervenytelenitve","status":"publish","type":"product","link":"https:\/\/stampcurio.com\/hu\/termek\/1900-szingapur-nemet-uj-guineaba-kuldott-boritek-melyen-a-belyegek-tl-goslimes-co-cegbelyegzovel-eloervenytelenitve\/","title":{"rendered":"1900 Szingap\u00far &#8211; N\u00e9met-\u00daj-Guine\u00e1ba k\u00fcld\u00f6tt bor\u00edt\u00e9k melyen a b\u00e9lyegek TL. GOSLIMES CO. c\u00e9gb\u00e9lyegz\u0151vel el\u0151\u00e9rv\u00e9nytelen\u00edtve."},"content":{"rendered":"","protected":false},"excerpt":{"rendered":"","protected":false},"featured_media":30708,"template":"","meta":[],"product_brand":[],"product_cat":[1175,1626,1255],"product_tag":[1669,116,1041,89],"class_list":{"0":"post-27774","1":"product","2":"type-product","3":"status-publish","4":"has-post-thumbnail","6":"product_cat-nemetorszag","7":"product_cat-szingapur","8":"product_cat-uj-guinea","9":"product_tag-3rd-auction","10":"product_tag-belyeg","11":"product_tag-marcophily-hu","12":"product_tag-postatortenet","14":"first","15":"outofstock","16":"sold-individually","17":"shipping-taxable","18":"purchasable","19":"product-type-simple"},"_links":{"self":[{"href":"https:\/\/stampcurio.com\/hu\/wp-json\/wp\/v2\/product\/27774","targetHints":{"allow":["GET"]}}],"collection":[{"href":"https:\/\/stampcurio.com\/hu\/wp-json\/wp\/v2\/product"}],"about":[{"href":"https:\/\/stampcurio.com\/hu\/wp-json\/wp\/v2\/types\/product"}],"wp:featuredmedia":[{"embeddable":true,"href":"https:\/\/stampcurio.com\/hu\/wp-json\/wp\/v2\/media\/30708"}],"wp:attachment":[{"href":"https:\/\/stampcurio.com\/hu\/wp-json\/wp\/v2\/media?parent=27774"}],"wp:term":[{"taxonomy":"product_brand","embeddable":true,"href":"https:\/\/stampcurio.com\/hu\/wp-json\/wp\/v2\/product_brand?post=27774"},{"taxonomy":"product_cat","embeddable":true,"href":"https:\/\/stampcurio.com\/hu\/wp-json\/wp\/v2\/product_cat?post=27774"},{"taxonomy":"product_tag","embeddable":true,"href":"https:\/\/stampcurio.com\/hu\/wp-json\/wp\/v2\/product_tag?post=27774"}],"curies":[{"name":"wp","href":"https:\/\/api.w.org\/{rel}","templated":true}]}}