{"id":27773,"date":"2025-11-24T16:32:28","date_gmt":"2025-11-24T15:32:28","guid":{"rendered":"https:\/\/stampcurio.com\/product\/1958-eszak-korea-kepeslap-budapestre-kuldve\/"},"modified":"2026-01-05T15:02:45","modified_gmt":"2026-01-05T14:02:45","slug":"1958-eszak-korea-magyarorszagra-kuldott-legiposta-kepeslap","status":"publish","type":"product","link":"https:\/\/stampcurio.com\/hu\/termek\/1958-eszak-korea-magyarorszagra-kuldott-legiposta-kepeslap\/","title":{"rendered":"1958 \u00c9szak-Korea &#8211; Magyarorsz\u00e1gra k\u00fcld\u00f6tt l\u00e9giposta k\u00e9peslap"},"content":{"rendered":"","protected":false},"excerpt":{"rendered":"","protected":false},"featured_media":30726,"template":"","meta":[],"product_brand":[],"product_cat":[1225,1172],"product_tag":[1669,116,97,115,89,1006],"class_list":{"0":"post-27773","1":"product","2":"type-product","3":"status-publish","4":"has-post-thumbnail","6":"product_cat-eszak-korea","7":"product_cat-magyarorszag","8":"product_tag-3rd-auction","9":"product_tag-belyeg","10":"product_tag-kepeslap","11":"product_tag-legiposta","12":"product_tag-postatortenet","13":"product_tag-unsold","15":"first","16":"instock","17":"sold-individually","18":"shipping-taxable","19":"purchasable","20":"product-type-simple"},"_links":{"self":[{"href":"https:\/\/stampcurio.com\/hu\/wp-json\/wp\/v2\/product\/27773","targetHints":{"allow":["GET"]}}],"collection":[{"href":"https:\/\/stampcurio.com\/hu\/wp-json\/wp\/v2\/product"}],"about":[{"href":"https:\/\/stampcurio.com\/hu\/wp-json\/wp\/v2\/types\/product"}],"wp:featuredmedia":[{"embeddable":true,"href":"https:\/\/stampcurio.com\/hu\/wp-json\/wp\/v2\/media\/30726"}],"wp:attachment":[{"href":"https:\/\/stampcurio.com\/hu\/wp-json\/wp\/v2\/media?parent=27773"}],"wp:term":[{"taxonomy":"product_brand","embeddable":true,"href":"https:\/\/stampcurio.com\/hu\/wp-json\/wp\/v2\/product_brand?post=27773"},{"taxonomy":"product_cat","embeddable":true,"href":"https:\/\/stampcurio.com\/hu\/wp-json\/wp\/v2\/product_cat?post=27773"},{"taxonomy":"product_tag","embeddable":true,"href":"https:\/\/stampcurio.com\/hu\/wp-json\/wp\/v2\/product_tag?post=27773"}],"curies":[{"name":"wp","href":"https:\/\/api.w.org\/{rel}","templated":true}]}}