{"id":27772,"date":"2025-11-24T16:32:28","date_gmt":"2025-11-24T15:32:28","guid":{"rendered":"https:\/\/stampcurio.com\/product\/1871-oroszorszag-tallinba-reval-kuldve\/"},"modified":"2026-01-05T15:02:45","modified_gmt":"2026-01-05T14:02:45","slug":"1877-oroszorszag-tallinba-reval-kuldott-levelezolap-4k-tarifaval","status":"publish","type":"product","link":"https:\/\/stampcurio.com\/hu\/termek\/1877-oroszorszag-tallinba-reval-kuldott-levelezolap-4k-tarifaval\/","title":{"rendered":"1877 Oroszorsz\u00e1g &#8211; Tallinba (Reval) k\u00fcld\u00f6tt levelez\u0151lap 4K tarif\u00e1val"},"content":{"rendered":"","protected":false},"excerpt":{"rendered":"","protected":false},"featured_media":30628,"template":"","meta":[],"product_brand":[],"product_cat":[1271,1177],"product_tag":[1669,116,89,1006],"class_list":{"0":"post-27772","1":"product","2":"type-product","3":"status-publish","4":"has-post-thumbnail","6":"product_cat-esztorszag","7":"product_cat-oroszorszag","8":"product_tag-3rd-auction","9":"product_tag-belyeg","10":"product_tag-postatortenet","11":"product_tag-unsold","13":"first","14":"instock","15":"sold-individually","16":"shipping-taxable","17":"purchasable","18":"product-type-simple"},"_links":{"self":[{"href":"https:\/\/stampcurio.com\/hu\/wp-json\/wp\/v2\/product\/27772","targetHints":{"allow":["GET"]}}],"collection":[{"href":"https:\/\/stampcurio.com\/hu\/wp-json\/wp\/v2\/product"}],"about":[{"href":"https:\/\/stampcurio.com\/hu\/wp-json\/wp\/v2\/types\/product"}],"wp:featuredmedia":[{"embeddable":true,"href":"https:\/\/stampcurio.com\/hu\/wp-json\/wp\/v2\/media\/30628"}],"wp:attachment":[{"href":"https:\/\/stampcurio.com\/hu\/wp-json\/wp\/v2\/media?parent=27772"}],"wp:term":[{"taxonomy":"product_brand","embeddable":true,"href":"https:\/\/stampcurio.com\/hu\/wp-json\/wp\/v2\/product_brand?post=27772"},{"taxonomy":"product_cat","embeddable":true,"href":"https:\/\/stampcurio.com\/hu\/wp-json\/wp\/v2\/product_cat?post=27772"},{"taxonomy":"product_tag","embeddable":true,"href":"https:\/\/stampcurio.com\/hu\/wp-json\/wp\/v2\/product_tag?post=27772"}],"curies":[{"name":"wp","href":"https:\/\/api.w.org\/{rel}","templated":true}]}}