{"id":27771,"date":"2025-11-24T16:32:27","date_gmt":"2025-11-24T15:32:27","guid":{"rendered":"https:\/\/stampcurio.com\/product\/1965-nemetorszag-albaniaba-kuldott-ajanlott-level-a-betiltott-menekult-refugee-belyeggel-a-belyeget-albaniaban-fekete-tintaval-letakartak-majd-a-tintat-valaki-megprobalta-eltavolitani\/"},"modified":"2026-01-05T15:02:46","modified_gmt":"2026-01-05T14:02:46","slug":"1965-nemetorszag-albaniaba-kuldott-ajanlott-level-a-keleti-blokkban-betiltott-menekult-refugee-belyeggel-a-belyeget-albaniaban-fekete-tintaval-letakartak-majd-a-tintat-valaki-megprobalt","status":"publish","type":"product","link":"https:\/\/stampcurio.com\/hu\/termek\/1965-nemetorszag-albaniaba-kuldott-ajanlott-level-a-keleti-blokkban-betiltott-menekult-refugee-belyeggel-a-belyeget-albaniaban-fekete-tintaval-letakartak-majd-a-tintat-valaki-megprobalt\/","title":{"rendered":"1965 N\u00e9metorsz\u00e1g &#8211; Alb\u00e1ni\u00e1ba k\u00fcld\u00f6tt aj\u00e1nlott lev\u00e9l a keleti blokkban betiltott menek\u00fclt (refugee) b\u00e9lyeggel \u2013 a b\u00e9lyeget Alb\u00e1ni\u00e1ban fekete tint\u00e1val letakart\u00e1k, majd a tint\u00e1t valaki megpr\u00f3b\u00e1lta elt\u00e1vol\u00edtani \u2013 rendk\u00edv\u00fcl \u00e9rdekes darab a hidegh\u00e1bor\u00fas id\u0151szak postai h\u00e1bor\u00faib\u00f3l"},"content":{"rendered":"","protected":false},"excerpt":{"rendered":"","protected":false},"featured_media":31751,"template":"","meta":[],"product_brand":[],"product_cat":[1261,1172,1175],"product_tag":[1743,1669,116,233,176,89,1006],"class_list":{"0":"post-27771","1":"product","2":"type-product","3":"status-publish","4":"has-post-thumbnail","6":"product_cat-albania","7":"product_cat-magyarorszag","8":"product_cat-nemetorszag","9":"product_tag-1743","10":"product_tag-3rd-auction","11":"product_tag-belyeg","12":"product_tag-cenzura","13":"product_tag-philagem","14":"product_tag-postatortenet","15":"product_tag-unsold","17":"first","18":"instock","19":"sold-individually","20":"shipping-taxable","21":"purchasable","22":"product-type-simple"},"_links":{"self":[{"href":"https:\/\/stampcurio.com\/hu\/wp-json\/wp\/v2\/product\/27771","targetHints":{"allow":["GET"]}}],"collection":[{"href":"https:\/\/stampcurio.com\/hu\/wp-json\/wp\/v2\/product"}],"about":[{"href":"https:\/\/stampcurio.com\/hu\/wp-json\/wp\/v2\/types\/product"}],"wp:featuredmedia":[{"embeddable":true,"href":"https:\/\/stampcurio.com\/hu\/wp-json\/wp\/v2\/media\/31751"}],"wp:attachment":[{"href":"https:\/\/stampcurio.com\/hu\/wp-json\/wp\/v2\/media?parent=27771"}],"wp:term":[{"taxonomy":"product_brand","embeddable":true,"href":"https:\/\/stampcurio.com\/hu\/wp-json\/wp\/v2\/product_brand?post=27771"},{"taxonomy":"product_cat","embeddable":true,"href":"https:\/\/stampcurio.com\/hu\/wp-json\/wp\/v2\/product_cat?post=27771"},{"taxonomy":"product_tag","embeddable":true,"href":"https:\/\/stampcurio.com\/hu\/wp-json\/wp\/v2\/product_tag?post=27771"}],"curies":[{"name":"wp","href":"https:\/\/api.w.org\/{rel}","templated":true}]}}