{"id":27770,"date":"2025-11-24T16:32:27","date_gmt":"2025-11-24T15:32:27","guid":{"rendered":"https:\/\/stampcurio.com\/product\/1931-india-legiposta-kepeslap-svedorszagba-kuldve-a-carachi-naples-repulessel\/"},"modified":"2026-01-05T15:02:45","modified_gmt":"2026-01-05T14:02:45","slug":"1931-india-a-carachi-naples-repulessel-svedorszagba-kuldott-legiposta-dijjegyes-levelezolap","status":"publish","type":"product","link":"https:\/\/stampcurio.com\/hu\/termek\/1931-india-a-carachi-naples-repulessel-svedorszagba-kuldott-legiposta-dijjegyes-levelezolap\/","title":{"rendered":"1931 India &#8211; A Carachi-Naples rep\u00fcl\u00e9ssel Sv\u00e9dorsz\u00e1gba k\u00fcld\u00f6tt l\u00e9giposta d\u00edjjegyes levelez\u0151lap"},"content":{"rendered":"","protected":false},"excerpt":{"rendered":"","protected":false},"featured_media":30632,"template":"","meta":[],"product_brand":[],"product_cat":[1186,1206,1183,1237],"product_tag":[1669,116,74,115,89,1006],"class_list":{"0":"post-27770","1":"product","2":"type-product","3":"status-publish","4":"has-post-thumbnail","6":"product_cat-brit-birodalom","7":"product_cat-india","8":"product_cat-olaszorszag","9":"product_cat-svedorszag","10":"product_tag-3rd-auction","11":"product_tag-belyeg","12":"product_tag-dijjegyes","13":"product_tag-legiposta","14":"product_tag-postatortenet","15":"product_tag-unsold","17":"first","18":"instock","19":"sold-individually","20":"shipping-taxable","21":"purchasable","22":"product-type-simple"},"_links":{"self":[{"href":"https:\/\/stampcurio.com\/hu\/wp-json\/wp\/v2\/product\/27770","targetHints":{"allow":["GET"]}}],"collection":[{"href":"https:\/\/stampcurio.com\/hu\/wp-json\/wp\/v2\/product"}],"about":[{"href":"https:\/\/stampcurio.com\/hu\/wp-json\/wp\/v2\/types\/product"}],"wp:featuredmedia":[{"embeddable":true,"href":"https:\/\/stampcurio.com\/hu\/wp-json\/wp\/v2\/media\/30632"}],"wp:attachment":[{"href":"https:\/\/stampcurio.com\/hu\/wp-json\/wp\/v2\/media?parent=27770"}],"wp:term":[{"taxonomy":"product_brand","embeddable":true,"href":"https:\/\/stampcurio.com\/hu\/wp-json\/wp\/v2\/product_brand?post=27770"},{"taxonomy":"product_cat","embeddable":true,"href":"https:\/\/stampcurio.com\/hu\/wp-json\/wp\/v2\/product_cat?post=27770"},{"taxonomy":"product_tag","embeddable":true,"href":"https:\/\/stampcurio.com\/hu\/wp-json\/wp\/v2\/product_tag?post=27770"}],"curies":[{"name":"wp","href":"https:\/\/api.w.org\/{rel}","templated":true}]}}