{"id":27769,"date":"2025-11-24T16:32:27","date_gmt":"2025-11-24T15:32:27","guid":{"rendered":"https:\/\/stampcurio.com\/product\/1910-monaco-monte-carlobol-nagyvaradra-kuldott-expressz-ajanlott-level-dekorativ-negy-belyeges-dijlerovassal-a-hotel-colonies-boritekjan\/"},"modified":"2025-12-05T04:00:48","modified_gmt":"2025-12-05T03:00:48","slug":"1910-monaco-monte-carlobol-nagyvaradra-kuldott-expressz-ajanlott-boritek-dekorativ-negy-belyeges-dijlerovassal-a-hotel-colonies-boritekjan","status":"publish","type":"product","link":"https:\/\/stampcurio.com\/hu\/termek\/1910-monaco-monte-carlobol-nagyvaradra-kuldott-expressz-ajanlott-boritek-dekorativ-negy-belyeges-dijlerovassal-a-hotel-colonies-boritekjan\/","title":{"rendered":"1910 Monaco &#8211; Monte Carlob\u00f3l Nagyv\u00e1radra k\u00fcld\u00f6tt expressz aj\u00e1nlott bor\u00edt\u00e9k dekorat\u00edv n\u00e9gy b\u00e9lyeges d\u00edjlerov\u00e1ssal, a Hotel Colonies bor\u00edt\u00e9kj\u00e1n"},"content":{"rendered":"","protected":false},"excerpt":{"rendered":"","protected":false},"featured_media":30614,"template":"","meta":[],"product_brand":[],"product_cat":[1172,1623,1208],"product_tag":[1669,116,89],"class_list":{"0":"post-27769","1":"product","2":"type-product","3":"status-publish","4":"has-post-thumbnail","6":"product_cat-magyarorszag","7":"product_cat-monaco","8":"product_cat-romania","9":"product_tag-3rd-auction","10":"product_tag-belyeg","11":"product_tag-postatortenet","13":"first","14":"outofstock","15":"sold-individually","16":"shipping-taxable","17":"purchasable","18":"product-type-simple"},"_links":{"self":[{"href":"https:\/\/stampcurio.com\/hu\/wp-json\/wp\/v2\/product\/27769","targetHints":{"allow":["GET"]}}],"collection":[{"href":"https:\/\/stampcurio.com\/hu\/wp-json\/wp\/v2\/product"}],"about":[{"href":"https:\/\/stampcurio.com\/hu\/wp-json\/wp\/v2\/types\/product"}],"wp:featuredmedia":[{"embeddable":true,"href":"https:\/\/stampcurio.com\/hu\/wp-json\/wp\/v2\/media\/30614"}],"wp:attachment":[{"href":"https:\/\/stampcurio.com\/hu\/wp-json\/wp\/v2\/media?parent=27769"}],"wp:term":[{"taxonomy":"product_brand","embeddable":true,"href":"https:\/\/stampcurio.com\/hu\/wp-json\/wp\/v2\/product_brand?post=27769"},{"taxonomy":"product_cat","embeddable":true,"href":"https:\/\/stampcurio.com\/hu\/wp-json\/wp\/v2\/product_cat?post=27769"},{"taxonomy":"product_tag","embeddable":true,"href":"https:\/\/stampcurio.com\/hu\/wp-json\/wp\/v2\/product_tag?post=27769"}],"curies":[{"name":"wp","href":"https:\/\/api.w.org\/{rel}","templated":true}]}}