{"id":27768,"date":"2025-11-24T16:32:26","date_gmt":"2025-11-24T15:32:26","guid":{"rendered":"https:\/\/stampcurio.com\/product\/1922-oroszorszag-nemetorszagba-kuldott-level-otoscsikkal-bermentesitve\/"},"modified":"2026-01-05T15:02:46","modified_gmt":"2026-01-05T14:02:46","slug":"1922-oroszorszag-nemetorszagba-kuldott-boritek-a-the-5th-anniversary-of-the-october-revolution-ivszeles-otoscsikkal-bermentesitve","status":"publish","type":"product","link":"https:\/\/stampcurio.com\/hu\/termek\/1922-oroszorszag-nemetorszagba-kuldott-boritek-a-the-5th-anniversary-of-the-october-revolution-ivszeles-otoscsikkal-bermentesitve\/","title":{"rendered":"1922 Oroszorsz\u00e1g &#8211; N\u00e9metorsz\u00e1gba k\u00fcld\u00f6tt bor\u00edt\u00e9k a &#8220;The 5th Anniversary of the October Revolution&#8221; \u00edvsz\u00e9les \u00f6t\u00f6scs\u00edkkal b\u00e9rmentes\u00edtve"},"content":{"rendered":"","protected":false},"excerpt":{"rendered":"<p>Az \u00f6t\u00f6scs\u00edk m\u00e1sodik b\u00e9lyege s\u00e9r\u00fclt.<\/p>\n","protected":false},"featured_media":31745,"template":"","meta":[],"product_brand":[],"product_cat":[1177],"product_tag":[1669,116,89,1006],"class_list":{"0":"post-27768","1":"product","2":"type-product","3":"status-publish","4":"has-post-thumbnail","6":"product_cat-oroszorszag","7":"product_tag-3rd-auction","8":"product_tag-belyeg","9":"product_tag-postatortenet","10":"product_tag-unsold","12":"first","13":"instock","14":"sold-individually","15":"shipping-taxable","16":"purchasable","17":"product-type-simple"},"_links":{"self":[{"href":"https:\/\/stampcurio.com\/hu\/wp-json\/wp\/v2\/product\/27768","targetHints":{"allow":["GET"]}}],"collection":[{"href":"https:\/\/stampcurio.com\/hu\/wp-json\/wp\/v2\/product"}],"about":[{"href":"https:\/\/stampcurio.com\/hu\/wp-json\/wp\/v2\/types\/product"}],"wp:featuredmedia":[{"embeddable":true,"href":"https:\/\/stampcurio.com\/hu\/wp-json\/wp\/v2\/media\/31745"}],"wp:attachment":[{"href":"https:\/\/stampcurio.com\/hu\/wp-json\/wp\/v2\/media?parent=27768"}],"wp:term":[{"taxonomy":"product_brand","embeddable":true,"href":"https:\/\/stampcurio.com\/hu\/wp-json\/wp\/v2\/product_brand?post=27768"},{"taxonomy":"product_cat","embeddable":true,"href":"https:\/\/stampcurio.com\/hu\/wp-json\/wp\/v2\/product_cat?post=27768"},{"taxonomy":"product_tag","embeddable":true,"href":"https:\/\/stampcurio.com\/hu\/wp-json\/wp\/v2\/product_tag?post=27768"}],"curies":[{"name":"wp","href":"https:\/\/api.w.org\/{rel}","templated":true}]}}