{"id":27767,"date":"2025-11-24T16:32:26","date_gmt":"2025-11-24T15:32:26","guid":{"rendered":"https:\/\/stampcurio.com\/product\/1861-65-belgium-2-level\/"},"modified":"2025-12-05T04:00:49","modified_gmt":"2025-12-05T03:00:49","slug":"1861-1865-belgium-ket-jobb-boritek-ketbelyeg-bermentesitessel","status":"publish","type":"product","link":"https:\/\/stampcurio.com\/hu\/termek\/1861-1865-belgium-ket-jobb-boritek-ketbelyeg-bermentesitessel\/","title":{"rendered":"1861 \/ 1865 Belgium &#8211; k\u00e9t jobb bor\u00edt\u00e9k k\u00e9tb\u00e9lyeg b\u00e9rmentes\u00edt\u00e9ssel"},"content":{"rendered":"","protected":false},"excerpt":{"rendered":"","protected":false},"featured_media":30736,"template":"","meta":[],"product_brand":[],"product_cat":[1257],"product_tag":[1669,116,89],"class_list":{"0":"post-27767","1":"product","2":"type-product","3":"status-publish","4":"has-post-thumbnail","6":"product_cat-belgium","7":"product_tag-3rd-auction","8":"product_tag-belyeg","9":"product_tag-postatortenet","11":"first","12":"outofstock","13":"sold-individually","14":"shipping-taxable","15":"purchasable","16":"product-type-simple"},"_links":{"self":[{"href":"https:\/\/stampcurio.com\/hu\/wp-json\/wp\/v2\/product\/27767","targetHints":{"allow":["GET"]}}],"collection":[{"href":"https:\/\/stampcurio.com\/hu\/wp-json\/wp\/v2\/product"}],"about":[{"href":"https:\/\/stampcurio.com\/hu\/wp-json\/wp\/v2\/types\/product"}],"wp:featuredmedia":[{"embeddable":true,"href":"https:\/\/stampcurio.com\/hu\/wp-json\/wp\/v2\/media\/30736"}],"wp:attachment":[{"href":"https:\/\/stampcurio.com\/hu\/wp-json\/wp\/v2\/media?parent=27767"}],"wp:term":[{"taxonomy":"product_brand","embeddable":true,"href":"https:\/\/stampcurio.com\/hu\/wp-json\/wp\/v2\/product_brand?post=27767"},{"taxonomy":"product_cat","embeddable":true,"href":"https:\/\/stampcurio.com\/hu\/wp-json\/wp\/v2\/product_cat?post=27767"},{"taxonomy":"product_tag","embeddable":true,"href":"https:\/\/stampcurio.com\/hu\/wp-json\/wp\/v2\/product_tag?post=27767"}],"curies":[{"name":"wp","href":"https:\/\/api.w.org\/{rel}","templated":true}]}}