{"id":27764,"date":"2025-11-24T16:32:25","date_gmt":"2025-11-24T15:32:25","guid":{"rendered":"https:\/\/stampcurio.com\/product\/1858-61-ausztria-szerb-lebelyegzesek\/"},"modified":"2026-01-05T15:02:46","modified_gmt":"2026-01-05T14:02:46","slug":"1858-61-ausztria-szep-lebelyegzesek-a-vajdasag-teruleterol-kula-es-m-theresiopel","status":"publish","type":"product","link":"https:\/\/stampcurio.com\/hu\/termek\/1858-61-ausztria-szep-lebelyegzesek-a-vajdasag-teruleterol-kula-es-m-theresiopel\/","title":{"rendered":"1858-61 Ausztria &#8211; sz\u00e9p leb\u00e9lyegz\u00e9sek a Vajdas\u00e1g ter\u00fclet\u00e9r\u0151l: KULA \u00e9s M.THERESIOPEL"},"content":{"rendered":"","protected":false},"excerpt":{"rendered":"","protected":false},"featured_media":31268,"template":"","meta":[],"product_brand":[],"product_cat":[1178,1172,1245],"product_tag":[1669,1041,1006],"class_list":{"0":"post-27764","1":"product","2":"type-product","3":"status-publish","4":"has-post-thumbnail","6":"product_cat-ausztria","7":"product_cat-magyarorszag","8":"product_cat-szerbia","9":"product_tag-3rd-auction","10":"product_tag-marcophily-hu","11":"product_tag-unsold","13":"first","14":"instock","15":"sold-individually","16":"shipping-taxable","17":"purchasable","18":"product-type-simple"},"_links":{"self":[{"href":"https:\/\/stampcurio.com\/hu\/wp-json\/wp\/v2\/product\/27764","targetHints":{"allow":["GET"]}}],"collection":[{"href":"https:\/\/stampcurio.com\/hu\/wp-json\/wp\/v2\/product"}],"about":[{"href":"https:\/\/stampcurio.com\/hu\/wp-json\/wp\/v2\/types\/product"}],"wp:featuredmedia":[{"embeddable":true,"href":"https:\/\/stampcurio.com\/hu\/wp-json\/wp\/v2\/media\/31268"}],"wp:attachment":[{"href":"https:\/\/stampcurio.com\/hu\/wp-json\/wp\/v2\/media?parent=27764"}],"wp:term":[{"taxonomy":"product_brand","embeddable":true,"href":"https:\/\/stampcurio.com\/hu\/wp-json\/wp\/v2\/product_brand?post=27764"},{"taxonomy":"product_cat","embeddable":true,"href":"https:\/\/stampcurio.com\/hu\/wp-json\/wp\/v2\/product_cat?post=27764"},{"taxonomy":"product_tag","embeddable":true,"href":"https:\/\/stampcurio.com\/hu\/wp-json\/wp\/v2\/product_tag?post=27764"}],"curies":[{"name":"wp","href":"https:\/\/api.w.org\/{rel}","templated":true}]}}