{"id":27763,"date":"2025-11-24T16:32:24","date_gmt":"2025-11-24T15:32:24","guid":{"rendered":"https:\/\/stampcurio.com\/product\/1850-61-ausztria-magyar-lebelyegzesek-gudlin-410\/"},"modified":"2025-12-05T04:00:50","modified_gmt":"2025-12-05T03:00:50","slug":"1850-61-ausztria-szep-magyarorszagi-belyegzesek-abony-kormend-wieselburg-szarvas-etc-gudlin-410-pont-muller-42-pont","status":"publish","type":"product","link":"https:\/\/stampcurio.com\/hu\/termek\/1850-61-ausztria-szep-magyarorszagi-belyegzesek-abony-kormend-wieselburg-szarvas-etc-gudlin-410-pont-muller-42-pont\/","title":{"rendered":"1850-61 Ausztria &#8211; sz\u00e9p magyarorsz\u00e1gi b\u00e9lyegz\u00e9sek ABONY, K\u00d6RMEND, WIESELBURG, SZARVAS etc. | Gudlin: 410 pont | M\u00fcller: 42 pont"},"content":{"rendered":"","protected":false},"excerpt":{"rendered":"","protected":false},"featured_media":33939,"template":"","meta":[],"product_brand":[],"product_cat":[1178,1172],"product_tag":[1669,116,1041],"class_list":{"0":"post-27763","1":"product","2":"type-product","3":"status-publish","4":"has-post-thumbnail","6":"product_cat-ausztria","7":"product_cat-magyarorszag","8":"product_tag-3rd-auction","9":"product_tag-belyeg","10":"product_tag-marcophily-hu","12":"first","13":"outofstock","14":"sold-individually","15":"shipping-taxable","16":"purchasable","17":"product-type-simple"},"_links":{"self":[{"href":"https:\/\/stampcurio.com\/hu\/wp-json\/wp\/v2\/product\/27763","targetHints":{"allow":["GET"]}}],"collection":[{"href":"https:\/\/stampcurio.com\/hu\/wp-json\/wp\/v2\/product"}],"about":[{"href":"https:\/\/stampcurio.com\/hu\/wp-json\/wp\/v2\/types\/product"}],"wp:featuredmedia":[{"embeddable":true,"href":"https:\/\/stampcurio.com\/hu\/wp-json\/wp\/v2\/media\/33939"}],"wp:attachment":[{"href":"https:\/\/stampcurio.com\/hu\/wp-json\/wp\/v2\/media?parent=27763"}],"wp:term":[{"taxonomy":"product_brand","embeddable":true,"href":"https:\/\/stampcurio.com\/hu\/wp-json\/wp\/v2\/product_brand?post=27763"},{"taxonomy":"product_cat","embeddable":true,"href":"https:\/\/stampcurio.com\/hu\/wp-json\/wp\/v2\/product_cat?post=27763"},{"taxonomy":"product_tag","embeddable":true,"href":"https:\/\/stampcurio.com\/hu\/wp-json\/wp\/v2\/product_tag?post=27763"}],"curies":[{"name":"wp","href":"https:\/\/api.w.org\/{rel}","templated":true}]}}