{"id":27762,"date":"2025-11-24T16:32:24","date_gmt":"2025-11-24T15:32:24","guid":{"rendered":"https:\/\/stampcurio.com\/product\/1858-ausztria-5-kr-sarbogard-lebelyegzes-gudlin-200-muller-20\/"},"modified":"2026-01-20T17:45:21","modified_gmt":"2026-01-20T16:45:21","slug":"1858-ausztria-5-kr-szep-sarbogard-belyegzes-gudlin-200-pont-muller-20-pont","status":"publish","type":"product","link":"https:\/\/stampcurio.com\/hu\/termek\/1858-ausztria-5-kr-szep-sarbogard-belyegzes-gudlin-200-pont-muller-20-pont\/","title":{"rendered":"1858 Ausztria &#8211; 5 kr sz\u00e9p S\u00c1RBOG\u00c1RD b\u00e9lyegz\u00e9s | Gudlin: 200 pont \/ M\u00fcller: 20 pont"},"content":{"rendered":"","protected":false},"excerpt":{"rendered":"","protected":false},"featured_media":31194,"template":"","meta":[],"product_brand":[],"product_cat":[1178,1172],"product_tag":[1669,1041],"class_list":{"0":"post-27762","1":"product","2":"type-product","3":"status-publish","4":"has-post-thumbnail","6":"product_cat-ausztria","7":"product_cat-magyarorszag","8":"product_tag-3rd-auction","9":"product_tag-marcophily-hu","11":"first","12":"outofstock","13":"sold-individually","14":"shipping-taxable","15":"purchasable","16":"product-type-simple"},"_links":{"self":[{"href":"https:\/\/stampcurio.com\/hu\/wp-json\/wp\/v2\/product\/27762","targetHints":{"allow":["GET"]}}],"collection":[{"href":"https:\/\/stampcurio.com\/hu\/wp-json\/wp\/v2\/product"}],"about":[{"href":"https:\/\/stampcurio.com\/hu\/wp-json\/wp\/v2\/types\/product"}],"wp:featuredmedia":[{"embeddable":true,"href":"https:\/\/stampcurio.com\/hu\/wp-json\/wp\/v2\/media\/31194"}],"wp:attachment":[{"href":"https:\/\/stampcurio.com\/hu\/wp-json\/wp\/v2\/media?parent=27762"}],"wp:term":[{"taxonomy":"product_brand","embeddable":true,"href":"https:\/\/stampcurio.com\/hu\/wp-json\/wp\/v2\/product_brand?post=27762"},{"taxonomy":"product_cat","embeddable":true,"href":"https:\/\/stampcurio.com\/hu\/wp-json\/wp\/v2\/product_cat?post=27762"},{"taxonomy":"product_tag","embeddable":true,"href":"https:\/\/stampcurio.com\/hu\/wp-json\/wp\/v2\/product_tag?post=27762"}],"curies":[{"name":"wp","href":"https:\/\/api.w.org\/{rel}","templated":true}]}}