{"id":27758,"date":"2025-11-24T16:32:20","date_gmt":"2025-11-24T15:32:20","guid":{"rendered":"https:\/\/stampcurio.com\/product\/1850-58-ausztria-szigethvar-lebelyegzesek-gudlin-400-muller-70\/"},"modified":"2025-12-05T04:00:51","modified_gmt":"2025-12-05T03:00:51","slug":"1850-58-ausztria-szigethvar-belyegzesek-gudlin-400-pont-muller-70-pont","status":"publish","type":"product","link":"https:\/\/stampcurio.com\/hu\/termek\/1850-58-ausztria-szigethvar-belyegzesek-gudlin-400-pont-muller-70-pont\/","title":{"rendered":"1850-58 Ausztria &#8211; SZIGETHV\u00c1R b\u00e9lyegz\u00e9sek | Gudlin: 400 pont | M\u00fcller: 70 pont"},"content":{"rendered":"","protected":false},"excerpt":{"rendered":"","protected":false},"featured_media":33953,"template":"","meta":[],"product_brand":[],"product_cat":[1178,1172],"product_tag":[1669,116,1041],"class_list":{"0":"post-27758","1":"product","2":"type-product","3":"status-publish","4":"has-post-thumbnail","6":"product_cat-ausztria","7":"product_cat-magyarorszag","8":"product_tag-3rd-auction","9":"product_tag-belyeg","10":"product_tag-marcophily-hu","12":"first","13":"outofstock","14":"sold-individually","15":"shipping-taxable","16":"purchasable","17":"product-type-simple"},"_links":{"self":[{"href":"https:\/\/stampcurio.com\/hu\/wp-json\/wp\/v2\/product\/27758","targetHints":{"allow":["GET"]}}],"collection":[{"href":"https:\/\/stampcurio.com\/hu\/wp-json\/wp\/v2\/product"}],"about":[{"href":"https:\/\/stampcurio.com\/hu\/wp-json\/wp\/v2\/types\/product"}],"wp:featuredmedia":[{"embeddable":true,"href":"https:\/\/stampcurio.com\/hu\/wp-json\/wp\/v2\/media\/33953"}],"wp:attachment":[{"href":"https:\/\/stampcurio.com\/hu\/wp-json\/wp\/v2\/media?parent=27758"}],"wp:term":[{"taxonomy":"product_brand","embeddable":true,"href":"https:\/\/stampcurio.com\/hu\/wp-json\/wp\/v2\/product_brand?post=27758"},{"taxonomy":"product_cat","embeddable":true,"href":"https:\/\/stampcurio.com\/hu\/wp-json\/wp\/v2\/product_cat?post=27758"},{"taxonomy":"product_tag","embeddable":true,"href":"https:\/\/stampcurio.com\/hu\/wp-json\/wp\/v2\/product_tag?post=27758"}],"curies":[{"name":"wp","href":"https:\/\/api.w.org\/{rel}","templated":true}]}}