{"id":27756,"date":"2025-11-24T16:32:19","date_gmt":"2025-11-24T15:32:19","guid":{"rendered":"https:\/\/stampcurio.com\/product\/1850-ausztria-3-kr-gepi-papir-mp-latvanyos-lemezhiba-a-jobb-sarokban-olmutz-lebelyegzessel\/"},"modified":"2025-12-05T04:00:52","modified_gmt":"2025-12-05T03:00:52","slug":"1850-ausztria-3-kr-mp-iii-tipus-latvanyos-lemezhiba-a-jobb-felso-sarokban-olmutz-belyegzessel","status":"publish","type":"product","link":"https:\/\/stampcurio.com\/hu\/termek\/1850-ausztria-3-kr-mp-iii-tipus-latvanyos-lemezhiba-a-jobb-felso-sarokban-olmutz-belyegzessel\/","title":{"rendered":"1850 Ausztria &#8211; 3 kr MP III. tipus, l\u00e1tv\u00e1nyos lemezhiba a jobb fels\u0151 sarokban, OLM\u00dcTZ b\u00e9lyegz\u00e9ssel"},"content":{"rendered":"","protected":false},"excerpt":{"rendered":"","protected":false},"featured_media":31554,"template":"","meta":[],"product_brand":[],"product_cat":[1178,1238],"product_tag":[1669,116,1041,217],"class_list":{"0":"post-27756","1":"product","2":"type-product","3":"status-publish","4":"has-post-thumbnail","6":"product_cat-ausztria","7":"product_cat-csehorszag","8":"product_tag-3rd-auction","9":"product_tag-belyeg","10":"product_tag-marcophily-hu","11":"product_tag-tevnyomat","13":"first","14":"outofstock","15":"sold-individually","16":"shipping-taxable","17":"purchasable","18":"product-type-simple"},"_links":{"self":[{"href":"https:\/\/stampcurio.com\/hu\/wp-json\/wp\/v2\/product\/27756","targetHints":{"allow":["GET"]}}],"collection":[{"href":"https:\/\/stampcurio.com\/hu\/wp-json\/wp\/v2\/product"}],"about":[{"href":"https:\/\/stampcurio.com\/hu\/wp-json\/wp\/v2\/types\/product"}],"wp:featuredmedia":[{"embeddable":true,"href":"https:\/\/stampcurio.com\/hu\/wp-json\/wp\/v2\/media\/31554"}],"wp:attachment":[{"href":"https:\/\/stampcurio.com\/hu\/wp-json\/wp\/v2\/media?parent=27756"}],"wp:term":[{"taxonomy":"product_brand","embeddable":true,"href":"https:\/\/stampcurio.com\/hu\/wp-json\/wp\/v2\/product_brand?post=27756"},{"taxonomy":"product_cat","embeddable":true,"href":"https:\/\/stampcurio.com\/hu\/wp-json\/wp\/v2\/product_cat?post=27756"},{"taxonomy":"product_tag","embeddable":true,"href":"https:\/\/stampcurio.com\/hu\/wp-json\/wp\/v2\/product_tag?post=27756"}],"curies":[{"name":"wp","href":"https:\/\/api.w.org\/{rel}","templated":true}]}}