{"id":27754,"date":"2025-11-24T16:32:18","date_gmt":"2025-11-24T15:32:18","guid":{"rendered":"https:\/\/stampcurio.com\/product\/1850-ausztria-lebelyegzesek-muller-121\/"},"modified":"2025-12-05T04:00:53","modified_gmt":"2025-12-05T03:00:53","slug":"1850-ausztria-szebb-belyegzesek-pieve-di-ledro-sign-jaworow-steinhof-bechin-teschen-etc-muller-121-pont","status":"publish","type":"product","link":"https:\/\/stampcurio.com\/hu\/termek\/1850-ausztria-szebb-belyegzesek-pieve-di-ledro-sign-jaworow-steinhof-bechin-teschen-etc-muller-121-pont\/","title":{"rendered":"1850 Ausztria &#8211; szebb b\u00e9lyegz\u00e9sek: PIEVE DI LEDRO, SIGN, JAWOROW, STEINHOF, BECHIN, TESCHEN etc. | M\u00fcller: 121 pont"},"content":{"rendered":"","protected":false},"excerpt":{"rendered":"","protected":false},"featured_media":34032,"template":"","meta":[],"product_brand":[],"product_cat":[1178,1238,1190,1183,1226],"product_tag":[1669,116,1041],"class_list":{"0":"post-27754","1":"product","2":"type-product","3":"status-publish","4":"has-post-thumbnail","6":"product_cat-ausztria","7":"product_cat-csehorszag","8":"product_cat-lengyelorszag","9":"product_cat-olaszorszag","10":"product_cat-ukrajna","11":"product_tag-3rd-auction","12":"product_tag-belyeg","13":"product_tag-marcophily-hu","15":"first","16":"outofstock","17":"sold-individually","18":"shipping-taxable","19":"purchasable","20":"product-type-simple"},"_links":{"self":[{"href":"https:\/\/stampcurio.com\/hu\/wp-json\/wp\/v2\/product\/27754","targetHints":{"allow":["GET"]}}],"collection":[{"href":"https:\/\/stampcurio.com\/hu\/wp-json\/wp\/v2\/product"}],"about":[{"href":"https:\/\/stampcurio.com\/hu\/wp-json\/wp\/v2\/types\/product"}],"wp:featuredmedia":[{"embeddable":true,"href":"https:\/\/stampcurio.com\/hu\/wp-json\/wp\/v2\/media\/34032"}],"wp:attachment":[{"href":"https:\/\/stampcurio.com\/hu\/wp-json\/wp\/v2\/media?parent=27754"}],"wp:term":[{"taxonomy":"product_brand","embeddable":true,"href":"https:\/\/stampcurio.com\/hu\/wp-json\/wp\/v2\/product_brand?post=27754"},{"taxonomy":"product_cat","embeddable":true,"href":"https:\/\/stampcurio.com\/hu\/wp-json\/wp\/v2\/product_cat?post=27754"},{"taxonomy":"product_tag","embeddable":true,"href":"https:\/\/stampcurio.com\/hu\/wp-json\/wp\/v2\/product_tag?post=27754"}],"curies":[{"name":"wp","href":"https:\/\/api.w.org\/{rel}","templated":true}]}}