{"id":27753,"date":"2025-11-24T16:32:18","date_gmt":"2025-11-24T15:32:18","guid":{"rendered":"https:\/\/stampcurio.com\/product\/1850-58-ausztria-lombard-velence-szep-lebelyegzesekkel-muller-35-pont\/"},"modified":"2025-12-05T04:00:53","modified_gmt":"2025-12-05T03:00:53","slug":"1850-58-ausztria-lombard-velence-szep-belyegzesek-muller-35-pont","status":"publish","type":"product","link":"https:\/\/stampcurio.com\/hu\/termek\/1850-58-ausztria-lombard-velence-szep-belyegzesek-muller-35-pont\/","title":{"rendered":"1850-58 Ausztria &#8211; Lombard-Velence sz\u00e9p b\u00e9lyegz\u00e9sek | M\u00fcller: 35 pont"},"content":{"rendered":"","protected":false},"excerpt":{"rendered":"","protected":false},"featured_media":32939,"template":"","meta":[],"product_brand":[],"product_cat":[1178,1183],"product_tag":[1669,116,1041],"class_list":{"0":"post-27753","1":"product","2":"type-product","3":"status-publish","4":"has-post-thumbnail","6":"product_cat-ausztria","7":"product_cat-olaszorszag","8":"product_tag-3rd-auction","9":"product_tag-belyeg","10":"product_tag-marcophily-hu","12":"first","13":"outofstock","14":"sold-individually","15":"shipping-taxable","16":"purchasable","17":"product-type-simple"},"_links":{"self":[{"href":"https:\/\/stampcurio.com\/hu\/wp-json\/wp\/v2\/product\/27753","targetHints":{"allow":["GET"]}}],"collection":[{"href":"https:\/\/stampcurio.com\/hu\/wp-json\/wp\/v2\/product"}],"about":[{"href":"https:\/\/stampcurio.com\/hu\/wp-json\/wp\/v2\/types\/product"}],"wp:featuredmedia":[{"embeddable":true,"href":"https:\/\/stampcurio.com\/hu\/wp-json\/wp\/v2\/media\/32939"}],"wp:attachment":[{"href":"https:\/\/stampcurio.com\/hu\/wp-json\/wp\/v2\/media?parent=27753"}],"wp:term":[{"taxonomy":"product_brand","embeddable":true,"href":"https:\/\/stampcurio.com\/hu\/wp-json\/wp\/v2\/product_brand?post=27753"},{"taxonomy":"product_cat","embeddable":true,"href":"https:\/\/stampcurio.com\/hu\/wp-json\/wp\/v2\/product_cat?post=27753"},{"taxonomy":"product_tag","embeddable":true,"href":"https:\/\/stampcurio.com\/hu\/wp-json\/wp\/v2\/product_tag?post=27753"}],"curies":[{"name":"wp","href":"https:\/\/api.w.org\/{rel}","templated":true}]}}