{"id":27752,"date":"2025-11-24T16:32:18","date_gmt":"2025-11-24T15:32:18","guid":{"rendered":"https:\/\/stampcurio.com\/product\/1919-magyarorszag-arad-francia-megszallas-50-filler-kettosnyomattal-az-egyik-felulnyomat-elcsuszva\/"},"modified":"2025-12-05T04:00:52","modified_gmt":"2025-12-05T03:00:52","slug":"1919-romania-magyarorszag-arad-francia-megszallas-postatiszta-50-filler-kettosnyomattal-az-egyik-felulnyomat-ferden-elcsuszva-latvanyos-darab","status":"publish","type":"product","link":"https:\/\/stampcurio.com\/hu\/termek\/1919-romania-magyarorszag-arad-francia-megszallas-postatiszta-50-filler-kettosnyomattal-az-egyik-felulnyomat-ferden-elcsuszva-latvanyos-darab\/","title":{"rendered":"1919 Rom\u00e1nia &#8211; Magyarorsz\u00e1g &#8211; Arad francia megsz\u00e1ll\u00e1s \u2013 postatiszta * 50 fill\u00e9r kett\u0151snyomattal, az egyik fel\u00fclnyomat ferd\u00e9n elcs\u00faszva &#8211; l\u00e1tv\u00e1nyos darab"},"content":{"rendered":"","protected":false},"excerpt":{"rendered":"","protected":false},"featured_media":31168,"template":"","meta":[],"product_brand":[],"product_cat":[1181,1172,1208],"product_tag":[1669,116,1332,217],"class_list":{"0":"post-27752","1":"product","2":"type-product","3":"status-publish","4":"has-post-thumbnail","6":"product_cat-franciaorszag","7":"product_cat-magyarorszag","8":"product_cat-romania","9":"product_tag-3rd-auction","10":"product_tag-belyeg","11":"product_tag-helyi-kiadas","12":"product_tag-tevnyomat","14":"first","15":"outofstock","16":"sold-individually","17":"shipping-taxable","18":"purchasable","19":"product-type-simple"},"_links":{"self":[{"href":"https:\/\/stampcurio.com\/hu\/wp-json\/wp\/v2\/product\/27752","targetHints":{"allow":["GET"]}}],"collection":[{"href":"https:\/\/stampcurio.com\/hu\/wp-json\/wp\/v2\/product"}],"about":[{"href":"https:\/\/stampcurio.com\/hu\/wp-json\/wp\/v2\/types\/product"}],"wp:featuredmedia":[{"embeddable":true,"href":"https:\/\/stampcurio.com\/hu\/wp-json\/wp\/v2\/media\/31168"}],"wp:attachment":[{"href":"https:\/\/stampcurio.com\/hu\/wp-json\/wp\/v2\/media?parent=27752"}],"wp:term":[{"taxonomy":"product_brand","embeddable":true,"href":"https:\/\/stampcurio.com\/hu\/wp-json\/wp\/v2\/product_brand?post=27752"},{"taxonomy":"product_cat","embeddable":true,"href":"https:\/\/stampcurio.com\/hu\/wp-json\/wp\/v2\/product_cat?post=27752"},{"taxonomy":"product_tag","embeddable":true,"href":"https:\/\/stampcurio.com\/hu\/wp-json\/wp\/v2\/product_tag?post=27752"}],"curies":[{"name":"wp","href":"https:\/\/api.w.org\/{rel}","templated":true}]}}