{"id":27751,"date":"2025-11-24T16:32:17","date_gmt":"2025-11-24T15:32:17","guid":{"rendered":"https:\/\/stampcurio.com\/product\/1921-magyarorszag-nyugat-magyarorszag-vii-porto-sor-postatiszta-benne-a-ritka-50f-200f-pruf-bodor\/"},"modified":"2025-12-05T04:00:54","modified_gmt":"2025-12-05T03:00:54","slug":"1921-magyarorszag-nyugat-magyarorszag-vii-postatiszta-porto-sor-benne-a-ritka-50f-200f-is-pruf-bodor-phu-81-86-50-eur","status":"publish","type":"product","link":"https:\/\/stampcurio.com\/hu\/termek\/1921-magyarorszag-nyugat-magyarorszag-vii-postatiszta-porto-sor-benne-a-ritka-50f-200f-is-pruf-bodor-phu-81-86-50-eur\/","title":{"rendered":"1921 Magyarorsz\u00e1g &#8211; Nyugat-Magyarorsz\u00e1g VII. postatiszta * port\u00f3 sor \u2013 benne a ritka 50f \/ 200f is | pr\u00fcf: Bodor | Phu: 81-86. \/ 50 EUR"},"content":{"rendered":"","protected":false},"excerpt":{"rendered":"","protected":false},"featured_media":34028,"template":"","meta":[],"product_brand":[],"product_cat":[1178,1172],"product_tag":[1669,116,1332],"class_list":{"0":"post-27751","1":"product","2":"type-product","3":"status-publish","4":"has-post-thumbnail","6":"product_cat-ausztria","7":"product_cat-magyarorszag","8":"product_tag-3rd-auction","9":"product_tag-belyeg","10":"product_tag-helyi-kiadas","12":"first","13":"outofstock","14":"sold-individually","15":"shipping-taxable","16":"purchasable","17":"product-type-simple"},"_links":{"self":[{"href":"https:\/\/stampcurio.com\/hu\/wp-json\/wp\/v2\/product\/27751","targetHints":{"allow":["GET"]}}],"collection":[{"href":"https:\/\/stampcurio.com\/hu\/wp-json\/wp\/v2\/product"}],"about":[{"href":"https:\/\/stampcurio.com\/hu\/wp-json\/wp\/v2\/types\/product"}],"wp:featuredmedia":[{"embeddable":true,"href":"https:\/\/stampcurio.com\/hu\/wp-json\/wp\/v2\/media\/34028"}],"wp:attachment":[{"href":"https:\/\/stampcurio.com\/hu\/wp-json\/wp\/v2\/media?parent=27751"}],"wp:term":[{"taxonomy":"product_brand","embeddable":true,"href":"https:\/\/stampcurio.com\/hu\/wp-json\/wp\/v2\/product_brand?post=27751"},{"taxonomy":"product_cat","embeddable":true,"href":"https:\/\/stampcurio.com\/hu\/wp-json\/wp\/v2\/product_cat?post=27751"},{"taxonomy":"product_tag","embeddable":true,"href":"https:\/\/stampcurio.com\/hu\/wp-json\/wp\/v2\/product_tag?post=27751"}],"curies":[{"name":"wp","href":"https:\/\/api.w.org\/{rel}","templated":true}]}}