{"id":27750,"date":"2025-11-24T16:32:17","date_gmt":"2025-11-24T15:32:17","guid":{"rendered":"https:\/\/stampcurio.com\/product\/1921-magyarorszag-nyugat-magyarorszag-v-pecsetelve-a-20-50-filleres-ertekeken-az-i-betu-hianyzik-pruf-bodor\/"},"modified":"2026-01-05T15:02:47","modified_gmt":"2026-01-05T14:02:47","slug":"1921-magyarorszag-nyugat-magyarorszag-v-a-20-50-filleres-ertekeken-a-felulnyomasbol-az-i-betu-hianyzik-postatiszta-belyegek-pruf-bodor","status":"publish","type":"product","link":"https:\/\/stampcurio.com\/hu\/termek\/1921-magyarorszag-nyugat-magyarorszag-v-a-20-50-filleres-ertekeken-a-felulnyomasbol-az-i-betu-hianyzik-postatiszta-belyegek-pruf-bodor\/","title":{"rendered":"1921 Magyarorsz\u00e1g &#8211; Nyugat-Magyarorsz\u00e1g V. \u2013 a 20, 50 fill\u00e9res \u00e9rt\u00e9keken a fel\u00fclnyom\u00e1sb\u00f3l az &#8220;i&#8221; bet\u0171 hi\u00e1nyzik \/ postatiszta * b\u00e9lyegek | pr\u00fcf: Bodor"},"content":{"rendered":"","protected":false},"excerpt":{"rendered":"","protected":false},"featured_media":31184,"template":"","meta":[],"product_brand":[],"product_cat":[1178,1172],"product_tag":[1669,116,1332,217,1006],"class_list":{"0":"post-27750","1":"product","2":"type-product","3":"status-publish","4":"has-post-thumbnail","6":"product_cat-ausztria","7":"product_cat-magyarorszag","8":"product_tag-3rd-auction","9":"product_tag-belyeg","10":"product_tag-helyi-kiadas","11":"product_tag-tevnyomat","12":"product_tag-unsold","14":"first","15":"instock","16":"sold-individually","17":"shipping-taxable","18":"purchasable","19":"product-type-simple"},"_links":{"self":[{"href":"https:\/\/stampcurio.com\/hu\/wp-json\/wp\/v2\/product\/27750","targetHints":{"allow":["GET"]}}],"collection":[{"href":"https:\/\/stampcurio.com\/hu\/wp-json\/wp\/v2\/product"}],"about":[{"href":"https:\/\/stampcurio.com\/hu\/wp-json\/wp\/v2\/types\/product"}],"wp:featuredmedia":[{"embeddable":true,"href":"https:\/\/stampcurio.com\/hu\/wp-json\/wp\/v2\/media\/31184"}],"wp:attachment":[{"href":"https:\/\/stampcurio.com\/hu\/wp-json\/wp\/v2\/media?parent=27750"}],"wp:term":[{"taxonomy":"product_brand","embeddable":true,"href":"https:\/\/stampcurio.com\/hu\/wp-json\/wp\/v2\/product_brand?post=27750"},{"taxonomy":"product_cat","embeddable":true,"href":"https:\/\/stampcurio.com\/hu\/wp-json\/wp\/v2\/product_cat?post=27750"},{"taxonomy":"product_tag","embeddable":true,"href":"https:\/\/stampcurio.com\/hu\/wp-json\/wp\/v2\/product_tag?post=27750"}],"curies":[{"name":"wp","href":"https:\/\/api.w.org\/{rel}","templated":true}]}}