{"id":27748,"date":"2025-11-24T16:32:16","date_gmt":"2025-11-24T15:32:16","guid":{"rendered":"https:\/\/stampcurio.com\/product\/1858-ausztria-neusidl-am-see-exoffo-muller-30\/"},"modified":"2026-01-05T15:02:48","modified_gmt":"2026-01-05T14:02:48","slug":"1855-ausztria-magyarorszag-hivatalos-exoffo-boritek-neusidl-am-see-belyegzessel-nezsider-gudlin-350p-muller-30","status":"publish","type":"product","link":"https:\/\/stampcurio.com\/hu\/termek\/1855-ausztria-magyarorszag-hivatalos-exoffo-boritek-neusidl-am-see-belyegzessel-nezsider-gudlin-350p-muller-30\/","title":{"rendered":"1855 Ausztria &#8211; Magyarorsz\u00e1g hivatalos exoffo bor\u00edt\u00e9k Neusidl am See b\u00e9lyegz\u00e9ssel &#8211; Nezsider | Gudlin 350p \/ M\u00fcller: 30"},"content":{"rendered":"","protected":false},"excerpt":{"rendered":"","protected":false},"featured_media":28970,"template":"","meta":[],"product_brand":[],"product_cat":[1178,1172],"product_tag":[1669,1041,89,1006],"class_list":{"0":"post-27748","1":"product","2":"type-product","3":"status-publish","4":"has-post-thumbnail","6":"product_cat-ausztria","7":"product_cat-magyarorszag","8":"product_tag-3rd-auction","9":"product_tag-marcophily-hu","10":"product_tag-postatortenet","11":"product_tag-unsold","13":"first","14":"instock","15":"sold-individually","16":"shipping-taxable","17":"purchasable","18":"product-type-simple"},"_links":{"self":[{"href":"https:\/\/stampcurio.com\/hu\/wp-json\/wp\/v2\/product\/27748","targetHints":{"allow":["GET"]}}],"collection":[{"href":"https:\/\/stampcurio.com\/hu\/wp-json\/wp\/v2\/product"}],"about":[{"href":"https:\/\/stampcurio.com\/hu\/wp-json\/wp\/v2\/types\/product"}],"wp:featuredmedia":[{"embeddable":true,"href":"https:\/\/stampcurio.com\/hu\/wp-json\/wp\/v2\/media\/28970"}],"wp:attachment":[{"href":"https:\/\/stampcurio.com\/hu\/wp-json\/wp\/v2\/media?parent=27748"}],"wp:term":[{"taxonomy":"product_brand","embeddable":true,"href":"https:\/\/stampcurio.com\/hu\/wp-json\/wp\/v2\/product_brand?post=27748"},{"taxonomy":"product_cat","embeddable":true,"href":"https:\/\/stampcurio.com\/hu\/wp-json\/wp\/v2\/product_cat?post=27748"},{"taxonomy":"product_tag","embeddable":true,"href":"https:\/\/stampcurio.com\/hu\/wp-json\/wp\/v2\/product_tag?post=27748"}],"curies":[{"name":"wp","href":"https:\/\/api.w.org\/{rel}","templated":true}]}}