{"id":27747,"date":"2025-11-24T16:32:16","date_gmt":"2025-11-24T15:32:16","guid":{"rendered":"https:\/\/stampcurio.com\/product\/1886-franciaorszag-kis-levelke-becsbe-kuldve-zichy-kamilonak-apres-le-depart-20-c-felar-tarifaval\/"},"modified":"2025-12-05T04:00:54","modified_gmt":"2025-12-05T03:00:54","slug":"1886-franciaorszag-kis-levelke-becsbe-kuldve-zichy-kamilonak-apres-le-depart-posta-indulas-utan-belyegzessel","status":"publish","type":"product","link":"https:\/\/stampcurio.com\/hu\/termek\/1886-franciaorszag-kis-levelke-becsbe-kuldve-zichy-kamilonak-apres-le-depart-posta-indulas-utan-belyegzessel\/","title":{"rendered":"1886 Franciaorsz\u00e1g &#8211; kis lev\u00e9lke B\u00e9csbe k\u00fcldve Zichy Kamil\u00f3nak \u201eapr\u00e9s le depart\u201d (posta indul\u00e1s ut\u00e1n) b\u00e9lyegz\u00e9ssel"},"content":{"rendered":"","protected":false},"excerpt":{"rendered":"","protected":false},"featured_media":28975,"template":"","meta":[],"product_brand":[],"product_cat":[1178,1181,1172],"product_tag":[1669,1711,89],"class_list":{"0":"post-27747","1":"product","2":"type-product","3":"status-publish","4":"has-post-thumbnail","6":"product_cat-ausztria","7":"product_cat-franciaorszag","8":"product_cat-magyarorszag","9":"product_tag-3rd-auction","10":"product_tag-hungarika","11":"product_tag-postatortenet","13":"first","14":"outofstock","15":"sold-individually","16":"shipping-taxable","17":"purchasable","18":"product-type-simple"},"_links":{"self":[{"href":"https:\/\/stampcurio.com\/hu\/wp-json\/wp\/v2\/product\/27747","targetHints":{"allow":["GET"]}}],"collection":[{"href":"https:\/\/stampcurio.com\/hu\/wp-json\/wp\/v2\/product"}],"about":[{"href":"https:\/\/stampcurio.com\/hu\/wp-json\/wp\/v2\/types\/product"}],"wp:featuredmedia":[{"embeddable":true,"href":"https:\/\/stampcurio.com\/hu\/wp-json\/wp\/v2\/media\/28975"}],"wp:attachment":[{"href":"https:\/\/stampcurio.com\/hu\/wp-json\/wp\/v2\/media?parent=27747"}],"wp:term":[{"taxonomy":"product_brand","embeddable":true,"href":"https:\/\/stampcurio.com\/hu\/wp-json\/wp\/v2\/product_brand?post=27747"},{"taxonomy":"product_cat","embeddable":true,"href":"https:\/\/stampcurio.com\/hu\/wp-json\/wp\/v2\/product_cat?post=27747"},{"taxonomy":"product_tag","embeddable":true,"href":"https:\/\/stampcurio.com\/hu\/wp-json\/wp\/v2\/product_tag?post=27747"}],"curies":[{"name":"wp","href":"https:\/\/api.w.org\/{rel}","templated":true}]}}