{"id":27746,"date":"2025-11-24T16:32:15","date_gmt":"2025-11-24T15:32:15","guid":{"rendered":"https:\/\/stampcurio.com\/product\/1878-franciaorszag-becsbe-kuldott-level-jarai-zsigmondnak\/"},"modified":"2025-12-05T04:00:55","modified_gmt":"2025-12-05T03:00:55","slug":"1878-franciaorszag-jarai-zsigmondnak-becsbe-kuldott-level","status":"publish","type":"product","link":"https:\/\/stampcurio.com\/hu\/termek\/1878-franciaorszag-jarai-zsigmondnak-becsbe-kuldott-level\/","title":{"rendered":"1878 Franciaorsz\u00e1g &#8211; J\u00e1rai Zsigmondnak B\u00e9csbe k\u00fcld\u00f6tt lev\u00e9l"},"content":{"rendered":"","protected":false},"excerpt":{"rendered":"","protected":false},"featured_media":29028,"template":"","meta":[],"product_brand":[],"product_cat":[1181,1172],"product_tag":[1669,1711,89],"class_list":{"0":"post-27746","1":"product","2":"type-product","3":"status-publish","4":"has-post-thumbnail","6":"product_cat-franciaorszag","7":"product_cat-magyarorszag","8":"product_tag-3rd-auction","9":"product_tag-hungarika","10":"product_tag-postatortenet","12":"first","13":"outofstock","14":"sold-individually","15":"shipping-taxable","16":"purchasable","17":"product-type-simple"},"_links":{"self":[{"href":"https:\/\/stampcurio.com\/hu\/wp-json\/wp\/v2\/product\/27746","targetHints":{"allow":["GET"]}}],"collection":[{"href":"https:\/\/stampcurio.com\/hu\/wp-json\/wp\/v2\/product"}],"about":[{"href":"https:\/\/stampcurio.com\/hu\/wp-json\/wp\/v2\/types\/product"}],"wp:featuredmedia":[{"embeddable":true,"href":"https:\/\/stampcurio.com\/hu\/wp-json\/wp\/v2\/media\/29028"}],"wp:attachment":[{"href":"https:\/\/stampcurio.com\/hu\/wp-json\/wp\/v2\/media?parent=27746"}],"wp:term":[{"taxonomy":"product_brand","embeddable":true,"href":"https:\/\/stampcurio.com\/hu\/wp-json\/wp\/v2\/product_brand?post=27746"},{"taxonomy":"product_cat","embeddable":true,"href":"https:\/\/stampcurio.com\/hu\/wp-json\/wp\/v2\/product_cat?post=27746"},{"taxonomy":"product_tag","embeddable":true,"href":"https:\/\/stampcurio.com\/hu\/wp-json\/wp\/v2\/product_tag?post=27746"}],"curies":[{"name":"wp","href":"https:\/\/api.w.org\/{rel}","templated":true}]}}