{"id":27745,"date":"2025-11-24T16:32:15","date_gmt":"2025-11-24T15:32:15","guid":{"rendered":"https:\/\/stampcurio.com\/product\/1874-franciaorszag-level-ceres-fejes-belyeggel\/"},"modified":"2025-12-05T04:00:55","modified_gmt":"2025-12-05T03:00:55","slug":"1874-franciaorszag-boritek-tevnyomatos-ceres-fejes-belyeggel-a-nyomat-bal-also-sarka-hianyzik","status":"publish","type":"product","link":"https:\/\/stampcurio.com\/hu\/termek\/1874-franciaorszag-boritek-tevnyomatos-ceres-fejes-belyeggel-a-nyomat-bal-also-sarka-hianyzik\/","title":{"rendered":"1874 Franciaorsz\u00e1g &#8211; bor\u00edt\u00e9k t\u00e9vnyomatos Ceres fejes b\u00e9lyeggel &#8211; a nyomat bal als\u00f3 sarka hi\u00e1nyzik"},"content":{"rendered":"","protected":false},"excerpt":{"rendered":"<p>A b\u00e9lyeg bal als\u00f3 sark\u00e1n nyomathi\u00e1ny nem s\u00e9r\u00fcl\u00e9s, hanem nyom\u00e1shiba.<\/p>\n","protected":false},"featured_media":35791,"template":"","meta":[],"product_brand":[],"product_cat":[1181],"product_tag":[1669,116,89,217],"class_list":{"0":"post-27745","1":"product","2":"type-product","3":"status-publish","4":"has-post-thumbnail","6":"product_cat-franciaorszag","7":"product_tag-3rd-auction","8":"product_tag-belyeg","9":"product_tag-postatortenet","10":"product_tag-tevnyomat","12":"first","13":"outofstock","14":"sold-individually","15":"shipping-taxable","16":"purchasable","17":"product-type-simple"},"_links":{"self":[{"href":"https:\/\/stampcurio.com\/hu\/wp-json\/wp\/v2\/product\/27745","targetHints":{"allow":["GET"]}}],"collection":[{"href":"https:\/\/stampcurio.com\/hu\/wp-json\/wp\/v2\/product"}],"about":[{"href":"https:\/\/stampcurio.com\/hu\/wp-json\/wp\/v2\/types\/product"}],"wp:featuredmedia":[{"embeddable":true,"href":"https:\/\/stampcurio.com\/hu\/wp-json\/wp\/v2\/media\/35791"}],"wp:attachment":[{"href":"https:\/\/stampcurio.com\/hu\/wp-json\/wp\/v2\/media?parent=27745"}],"wp:term":[{"taxonomy":"product_brand","embeddable":true,"href":"https:\/\/stampcurio.com\/hu\/wp-json\/wp\/v2\/product_brand?post=27745"},{"taxonomy":"product_cat","embeddable":true,"href":"https:\/\/stampcurio.com\/hu\/wp-json\/wp\/v2\/product_cat?post=27745"},{"taxonomy":"product_tag","embeddable":true,"href":"https:\/\/stampcurio.com\/hu\/wp-json\/wp\/v2\/product_tag?post=27745"}],"curies":[{"name":"wp","href":"https:\/\/api.w.org\/{rel}","templated":true}]}}