{"id":27744,"date":"2025-11-24T16:32:15","date_gmt":"2025-11-24T15:32:15","guid":{"rendered":"https:\/\/stampcurio.com\/product\/egyiptom-5-db-kuldemeny-kozte-1-wrapper-magyarorszagra-kuldve\/"},"modified":"2025-12-05T04:00:55","modified_gmt":"2025-12-05T03:00:55","slug":"1888-francia-alexandria-es-port-said-egyiptom-5-jobb-kuldemeny-kozte-egy-magyarorszagra-kuldott-cimszalag-is","status":"publish","type":"product","link":"https:\/\/stampcurio.com\/hu\/termek\/1888-francia-alexandria-es-port-said-egyiptom-5-jobb-kuldemeny-kozte-egy-magyarorszagra-kuldott-cimszalag-is\/","title":{"rendered":"1888+ Francia Alexandria \u00e9s Port Said &#8211; Egyiptom &#8211; 5 jobb k\u00fcldem\u00e9ny, k\u00f6zte egy Magyarorsz\u00e1gra k\u00fcld\u00f6tt c\u00edmszalag is"},"content":{"rendered":"","protected":false},"excerpt":{"rendered":"","protected":false},"featured_media":29005,"template":"","meta":[],"product_brand":[],"product_cat":[1187,1181,1172],"product_tag":[1669,116,259,74,89],"class_list":{"0":"post-27744","1":"product","2":"type-product","3":"status-publish","4":"has-post-thumbnail","6":"product_cat-egyiptom","7":"product_cat-franciaorszag","8":"product_cat-magyarorszag","9":"product_tag-3rd-auction","10":"product_tag-belyeg","11":"product_tag-cimszalag","12":"product_tag-dijjegyes","13":"product_tag-postatortenet","15":"first","16":"outofstock","17":"sold-individually","18":"shipping-taxable","19":"purchasable","20":"product-type-simple"},"_links":{"self":[{"href":"https:\/\/stampcurio.com\/hu\/wp-json\/wp\/v2\/product\/27744","targetHints":{"allow":["GET"]}}],"collection":[{"href":"https:\/\/stampcurio.com\/hu\/wp-json\/wp\/v2\/product"}],"about":[{"href":"https:\/\/stampcurio.com\/hu\/wp-json\/wp\/v2\/types\/product"}],"wp:featuredmedia":[{"embeddable":true,"href":"https:\/\/stampcurio.com\/hu\/wp-json\/wp\/v2\/media\/29005"}],"wp:attachment":[{"href":"https:\/\/stampcurio.com\/hu\/wp-json\/wp\/v2\/media?parent=27744"}],"wp:term":[{"taxonomy":"product_brand","embeddable":true,"href":"https:\/\/stampcurio.com\/hu\/wp-json\/wp\/v2\/product_brand?post=27744"},{"taxonomy":"product_cat","embeddable":true,"href":"https:\/\/stampcurio.com\/hu\/wp-json\/wp\/v2\/product_cat?post=27744"},{"taxonomy":"product_tag","embeddable":true,"href":"https:\/\/stampcurio.com\/hu\/wp-json\/wp\/v2\/product_tag?post=27744"}],"curies":[{"name":"wp","href":"https:\/\/api.w.org\/{rel}","templated":true}]}}