{"id":27743,"date":"2025-11-24T16:32:14","date_gmt":"2025-11-24T15:32:14","guid":{"rendered":"https:\/\/stampcurio.com\/product\/francia-afrika-francia-afrika-tunezia-es-libia-5-kuldemeny\/"},"modified":"2026-01-05T15:02:48","modified_gmt":"2026-01-05T14:02:48","slug":"1899-tunezia-es-francia-libia-afrika-5-erdekes-kuldemeny","status":"publish","type":"product","link":"https:\/\/stampcurio.com\/hu\/termek\/1899-tunezia-es-francia-libia-afrika-5-erdekes-kuldemeny\/","title":{"rendered":"1899+ Tun\u00e9zia \u00e9s Francia L\u00edbia \/ Afrika 5 \u00e9rdekes k\u00fcldem\u00e9ny"},"content":{"rendered":"","protected":false},"excerpt":{"rendered":"","protected":false},"featured_media":28979,"template":"","meta":[],"product_brand":[],"product_cat":[1181,1284,1276],"product_tag":[1669,97,115,89,1006],"class_list":{"0":"post-27743","1":"product","2":"type-product","3":"status-publish","4":"has-post-thumbnail","6":"product_cat-franciaorszag","7":"product_cat-libia","8":"product_cat-tunezia","9":"product_tag-3rd-auction","10":"product_tag-kepeslap","11":"product_tag-legiposta","12":"product_tag-postatortenet","13":"product_tag-unsold","15":"first","16":"instock","17":"sold-individually","18":"shipping-taxable","19":"purchasable","20":"product-type-simple"},"_links":{"self":[{"href":"https:\/\/stampcurio.com\/hu\/wp-json\/wp\/v2\/product\/27743","targetHints":{"allow":["GET"]}}],"collection":[{"href":"https:\/\/stampcurio.com\/hu\/wp-json\/wp\/v2\/product"}],"about":[{"href":"https:\/\/stampcurio.com\/hu\/wp-json\/wp\/v2\/types\/product"}],"wp:featuredmedia":[{"embeddable":true,"href":"https:\/\/stampcurio.com\/hu\/wp-json\/wp\/v2\/media\/28979"}],"wp:attachment":[{"href":"https:\/\/stampcurio.com\/hu\/wp-json\/wp\/v2\/media?parent=27743"}],"wp:term":[{"taxonomy":"product_brand","embeddable":true,"href":"https:\/\/stampcurio.com\/hu\/wp-json\/wp\/v2\/product_brand?post=27743"},{"taxonomy":"product_cat","embeddable":true,"href":"https:\/\/stampcurio.com\/hu\/wp-json\/wp\/v2\/product_cat?post=27743"},{"taxonomy":"product_tag","embeddable":true,"href":"https:\/\/stampcurio.com\/hu\/wp-json\/wp\/v2\/product_tag?post=27743"}],"curies":[{"name":"wp","href":"https:\/\/api.w.org\/{rel}","templated":true}]}}