{"id":27742,"date":"2025-11-24T16:32:14","date_gmt":"2025-11-24T15:32:14","guid":{"rendered":"https:\/\/stampcurio.com\/product\/1870-korul-franciaorszag-napoleon-es-ceres-levelek\/"},"modified":"2025-12-05T04:00:56","modified_gmt":"2025-12-05T03:00:56","slug":"1870-korul-franciaorszag-tiz-level-napoleon-es-ceres-belyegekkel-kozte-szep-ivszeles-napoleon-20c-is","status":"publish","type":"product","link":"https:\/\/stampcurio.com\/hu\/termek\/1870-korul-franciaorszag-tiz-level-napoleon-es-ceres-belyegekkel-kozte-szep-ivszeles-napoleon-20c-is\/","title":{"rendered":"1870 k\u00f6r\u00fcl Franciaorsz\u00e1g &#8211; tiz lev\u00e9l Nap\u00f3leon \u00e9s C\u00e9res b\u00e9lyegekkel k\u00f6zte sz\u00e9p \u00edvsz\u00e9les Nap\u00f3leon 20c is"},"content":{"rendered":"","protected":false},"excerpt":{"rendered":"","protected":false},"featured_media":29244,"template":"","meta":[],"product_brand":[],"product_cat":[1181],"product_tag":[1669,116,1041,89,217],"class_list":{"0":"post-27742","1":"product","2":"type-product","3":"status-publish","4":"has-post-thumbnail","6":"product_cat-franciaorszag","7":"product_tag-3rd-auction","8":"product_tag-belyeg","9":"product_tag-marcophily-hu","10":"product_tag-postatortenet","11":"product_tag-tevnyomat","13":"first","14":"outofstock","15":"sold-individually","16":"shipping-taxable","17":"purchasable","18":"product-type-simple"},"_links":{"self":[{"href":"https:\/\/stampcurio.com\/hu\/wp-json\/wp\/v2\/product\/27742","targetHints":{"allow":["GET"]}}],"collection":[{"href":"https:\/\/stampcurio.com\/hu\/wp-json\/wp\/v2\/product"}],"about":[{"href":"https:\/\/stampcurio.com\/hu\/wp-json\/wp\/v2\/types\/product"}],"wp:featuredmedia":[{"embeddable":true,"href":"https:\/\/stampcurio.com\/hu\/wp-json\/wp\/v2\/media\/29244"}],"wp:attachment":[{"href":"https:\/\/stampcurio.com\/hu\/wp-json\/wp\/v2\/media?parent=27742"}],"wp:term":[{"taxonomy":"product_brand","embeddable":true,"href":"https:\/\/stampcurio.com\/hu\/wp-json\/wp\/v2\/product_brand?post=27742"},{"taxonomy":"product_cat","embeddable":true,"href":"https:\/\/stampcurio.com\/hu\/wp-json\/wp\/v2\/product_cat?post=27742"},{"taxonomy":"product_tag","embeddable":true,"href":"https:\/\/stampcurio.com\/hu\/wp-json\/wp\/v2\/product_tag?post=27742"}],"curies":[{"name":"wp","href":"https:\/\/api.w.org\/{rel}","templated":true}]}}