{"id":27740,"date":"2025-11-24T16:32:13","date_gmt":"2025-11-24T15:32:13","guid":{"rendered":"https:\/\/stampcurio.com\/product\/18xx-gorogorszag-korai-gorog-belyegek\/"},"modified":"2025-12-05T04:00:56","modified_gmt":"2025-12-05T03:00:56","slug":"1861-1876-gorogorszag-large-hermes-head-belyegek-vegyesen","status":"publish","type":"product","link":"https:\/\/stampcurio.com\/hu\/termek\/1861-1876-gorogorszag-large-hermes-head-belyegek-vegyesen\/","title":{"rendered":"1861 &#8211; 1876 G\u00f6r\u00f6gorsz\u00e1g &#8211; Large Hermes Head b\u00e9lyegek vegyesen"},"content":{"rendered":"","protected":false},"excerpt":{"rendered":"<p>\u00c1tn\u00e9zetlen, vannak benne hib\u00e1sak is. Egy r\u00e9gi magyar gy\u0171jtem\u00e9nyb\u0151l.<\/p>\n","protected":false},"featured_media":34633,"template":"","meta":[],"product_brand":[],"product_cat":[1207],"product_tag":[1669,116,217],"class_list":{"0":"post-27740","1":"product","2":"type-product","3":"status-publish","4":"has-post-thumbnail","6":"product_cat-gorogorszag","7":"product_tag-3rd-auction","8":"product_tag-belyeg","9":"product_tag-tevnyomat","11":"first","12":"outofstock","13":"sold-individually","14":"shipping-taxable","15":"purchasable","16":"product-type-simple"},"_links":{"self":[{"href":"https:\/\/stampcurio.com\/hu\/wp-json\/wp\/v2\/product\/27740","targetHints":{"allow":["GET"]}}],"collection":[{"href":"https:\/\/stampcurio.com\/hu\/wp-json\/wp\/v2\/product"}],"about":[{"href":"https:\/\/stampcurio.com\/hu\/wp-json\/wp\/v2\/types\/product"}],"wp:featuredmedia":[{"embeddable":true,"href":"https:\/\/stampcurio.com\/hu\/wp-json\/wp\/v2\/media\/34633"}],"wp:attachment":[{"href":"https:\/\/stampcurio.com\/hu\/wp-json\/wp\/v2\/media?parent=27740"}],"wp:term":[{"taxonomy":"product_brand","embeddable":true,"href":"https:\/\/stampcurio.com\/hu\/wp-json\/wp\/v2\/product_brand?post=27740"},{"taxonomy":"product_cat","embeddable":true,"href":"https:\/\/stampcurio.com\/hu\/wp-json\/wp\/v2\/product_cat?post=27740"},{"taxonomy":"product_tag","embeddable":true,"href":"https:\/\/stampcurio.com\/hu\/wp-json\/wp\/v2\/product_tag?post=27740"}],"curies":[{"name":"wp","href":"https:\/\/api.w.org\/{rel}","templated":true}]}}