{"id":27739,"date":"2025-11-24T16:32:13","date_gmt":"2025-11-24T15:32:13","guid":{"rendered":"https:\/\/stampcurio.com\/product\/india-india-feudalis-allamok-korai-belyegei\/"},"modified":"2025-12-05T04:00:56","modified_gmt":"2025-12-05T03:00:56","slug":"cca-1900-india-indiai-feudalis-allamok-korai-belyegei","status":"publish","type":"product","link":"https:\/\/stampcurio.com\/hu\/termek\/cca-1900-india-indiai-feudalis-allamok-korai-belyegei\/","title":{"rendered":"cca. 1900 India &#8211; indiai Feud\u00e1lis \u00c1llamok korai b\u00e9lyegei"},"content":{"rendered":"","protected":false},"excerpt":{"rendered":"","protected":false},"featured_media":34823,"template":"","meta":[],"product_brand":[],"product_cat":[1206],"product_tag":[1669,116],"class_list":{"0":"post-27739","1":"product","2":"type-product","3":"status-publish","4":"has-post-thumbnail","6":"product_cat-india","7":"product_tag-3rd-auction","8":"product_tag-belyeg","10":"first","11":"outofstock","12":"sold-individually","13":"shipping-taxable","14":"purchasable","15":"product-type-simple"},"_links":{"self":[{"href":"https:\/\/stampcurio.com\/hu\/wp-json\/wp\/v2\/product\/27739","targetHints":{"allow":["GET"]}}],"collection":[{"href":"https:\/\/stampcurio.com\/hu\/wp-json\/wp\/v2\/product"}],"about":[{"href":"https:\/\/stampcurio.com\/hu\/wp-json\/wp\/v2\/types\/product"}],"wp:featuredmedia":[{"embeddable":true,"href":"https:\/\/stampcurio.com\/hu\/wp-json\/wp\/v2\/media\/34823"}],"wp:attachment":[{"href":"https:\/\/stampcurio.com\/hu\/wp-json\/wp\/v2\/media?parent=27739"}],"wp:term":[{"taxonomy":"product_brand","embeddable":true,"href":"https:\/\/stampcurio.com\/hu\/wp-json\/wp\/v2\/product_brand?post=27739"},{"taxonomy":"product_cat","embeddable":true,"href":"https:\/\/stampcurio.com\/hu\/wp-json\/wp\/v2\/product_cat?post=27739"},{"taxonomy":"product_tag","embeddable":true,"href":"https:\/\/stampcurio.com\/hu\/wp-json\/wp\/v2\/product_tag?post=27739"}],"curies":[{"name":"wp","href":"https:\/\/api.w.org\/{rel}","templated":true}]}}