{"id":27738,"date":"2025-11-24T16:32:12","date_gmt":"2025-11-24T15:32:12","guid":{"rendered":"https:\/\/stampcurio.com\/product\/nemetorszag-vasuti-es-expressz-belyegek-vegyesen-baden-elzasz-poroszorszag\/"},"modified":"2026-01-05T15:02:49","modified_gmt":"2026-01-05T14:02:49","slug":"1873-nemetorszag-okmany-es-vasuti-es-expressz-belyegek-vegyesen-baden-elzasz-poroszorszag","status":"publish","type":"product","link":"https:\/\/stampcurio.com\/hu\/termek\/1873-nemetorszag-okmany-es-vasuti-es-expressz-belyegek-vegyesen-baden-elzasz-poroszorszag\/","title":{"rendered":"1873+ N\u00e9metorsz\u00e1g &#8211; Okm\u00e1ny \u00e9s vas\u00fati \u00e9s expressz b\u00e9lyegek vegyesen \u2013 Baden, Elz\u00e1sz, Poroszorsz\u00e1g"},"content":{"rendered":"","protected":false},"excerpt":{"rendered":"<p>Egy \u00f6reg b\u00e9lyegalbumb\u00f3l sz\u00e1rmaz\u00f3 vegyes okm\u00e1nyb\u00e9lyeg anyag.<\/p>\n","protected":false},"featured_media":35387,"template":"","meta":[],"product_brand":[],"product_cat":[1175],"product_tag":[1669,116,282,1006],"class_list":{"0":"post-27738","1":"product","2":"type-product","3":"status-publish","4":"has-post-thumbnail","6":"product_cat-nemetorszag","7":"product_tag-3rd-auction","8":"product_tag-belyeg","9":"product_tag-okmanybelyeg","10":"product_tag-unsold","12":"first","13":"instock","14":"sold-individually","15":"shipping-taxable","16":"purchasable","17":"product-type-simple"},"_links":{"self":[{"href":"https:\/\/stampcurio.com\/hu\/wp-json\/wp\/v2\/product\/27738","targetHints":{"allow":["GET"]}}],"collection":[{"href":"https:\/\/stampcurio.com\/hu\/wp-json\/wp\/v2\/product"}],"about":[{"href":"https:\/\/stampcurio.com\/hu\/wp-json\/wp\/v2\/types\/product"}],"wp:featuredmedia":[{"embeddable":true,"href":"https:\/\/stampcurio.com\/hu\/wp-json\/wp\/v2\/media\/35387"}],"wp:attachment":[{"href":"https:\/\/stampcurio.com\/hu\/wp-json\/wp\/v2\/media?parent=27738"}],"wp:term":[{"taxonomy":"product_brand","embeddable":true,"href":"https:\/\/stampcurio.com\/hu\/wp-json\/wp\/v2\/product_brand?post=27738"},{"taxonomy":"product_cat","embeddable":true,"href":"https:\/\/stampcurio.com\/hu\/wp-json\/wp\/v2\/product_cat?post=27738"},{"taxonomy":"product_tag","embeddable":true,"href":"https:\/\/stampcurio.com\/hu\/wp-json\/wp\/v2\/product_tag?post=27738"}],"curies":[{"name":"wp","href":"https:\/\/api.w.org\/{rel}","templated":true}]}}