{"id":27737,"date":"2025-11-24T16:32:12","date_gmt":"2025-11-24T15:32:12","guid":{"rendered":"https:\/\/stampcurio.com\/product\/franciaorszag-moet-es-tarsai-francia-reklamszelvenyes-pecsetelt-belyegek\/"},"modified":"2025-12-05T04:00:57","modified_gmt":"2025-12-05T03:00:57","slug":"1926-franciaorszag-5-pecsetelt-reklamszelvenyes-semeuse-magveto-reklam-belyeg-moet-source-cachat-benjamin-le-coq","status":"publish","type":"product","link":"https:\/\/stampcurio.com\/hu\/termek\/1926-franciaorszag-5-pecsetelt-reklamszelvenyes-semeuse-magveto-reklam-belyeg-moet-source-cachat-benjamin-le-coq\/","title":{"rendered":"1926 Franciaorsz\u00e1g &#8211; 5 pecs\u00e9telt rekl\u00e1mszelv\u00e9nyes semeuse (magvet\u0151) rekl\u00e1m b\u00e9lyeg: MO\u00cbT, Source Cachat, Benjamin, Le Coq"},"content":{"rendered":"","protected":false},"excerpt":{"rendered":"","protected":false},"featured_media":31272,"template":"","meta":[],"product_brand":[],"product_cat":[1181],"product_tag":[1669,116,75],"class_list":{"0":"post-27737","1":"product","2":"type-product","3":"status-publish","4":"has-post-thumbnail","6":"product_cat-franciaorszag","7":"product_tag-3rd-auction","8":"product_tag-belyeg","9":"product_tag-reklam","11":"first","12":"outofstock","13":"sold-individually","14":"shipping-taxable","15":"purchasable","16":"product-type-simple"},"_links":{"self":[{"href":"https:\/\/stampcurio.com\/hu\/wp-json\/wp\/v2\/product\/27737","targetHints":{"allow":["GET"]}}],"collection":[{"href":"https:\/\/stampcurio.com\/hu\/wp-json\/wp\/v2\/product"}],"about":[{"href":"https:\/\/stampcurio.com\/hu\/wp-json\/wp\/v2\/types\/product"}],"wp:featuredmedia":[{"embeddable":true,"href":"https:\/\/stampcurio.com\/hu\/wp-json\/wp\/v2\/media\/31272"}],"wp:attachment":[{"href":"https:\/\/stampcurio.com\/hu\/wp-json\/wp\/v2\/media?parent=27737"}],"wp:term":[{"taxonomy":"product_brand","embeddable":true,"href":"https:\/\/stampcurio.com\/hu\/wp-json\/wp\/v2\/product_brand?post=27737"},{"taxonomy":"product_cat","embeddable":true,"href":"https:\/\/stampcurio.com\/hu\/wp-json\/wp\/v2\/product_cat?post=27737"},{"taxonomy":"product_tag","embeddable":true,"href":"https:\/\/stampcurio.com\/hu\/wp-json\/wp\/v2\/product_tag?post=27737"}],"curies":[{"name":"wp","href":"https:\/\/api.w.org\/{rel}","templated":true}]}}