{"id":27736,"date":"2025-11-24T16:32:12","date_gmt":"2025-11-24T15:32:12","guid":{"rendered":"https:\/\/stampcurio.com\/product\/1916-olaszorszag-48-lira-belyegfuzet-hibatlan-allapotban-a-belyegfuzetekre-jellemzo-barna-foltosodas-nelkul-fantasztikus-allapotban-sassone-5000-eur-michel-1800-eur-mi-124\/"},"modified":"2025-12-05T04:00:57","modified_gmt":"2025-12-05T03:00:57","slug":"1916-olaszorszag-48-lira-belyegfuzet-nagyon-jo-allapotban-sassone-5000-eur-michel-124-1800-eur","status":"publish","type":"product","link":"https:\/\/stampcurio.com\/hu\/termek\/1916-olaszorszag-48-lira-belyegfuzet-nagyon-jo-allapotban-sassone-5000-eur-michel-124-1800-eur\/","title":{"rendered":"1916 Olaszorsz\u00e1g &#8211; 4,8 l\u00edra b\u00e9lyegf\u00fczet, nagyon j\u00f3 \u00e1llapotban |  Sassone: 5000 EUR | Michel: 124. \/ 1800 EUR"},"content":{"rendered":"","protected":false},"excerpt":{"rendered":"<p>A t\u0171z\u0151kapocs egyik sz\u00e1ra t\u00f6r\u00f6tt, foltmentes makul\u00e1tlan.<\/p>\n<p>Ellent\u00e9tben a katal\u00f3gus \u00e1rakkal, ez a b\u00e9lyeg\u00fczet a tapasztalatok szerint sokkal ritk\u00e1bb mint az 1911-s kiad\u00e1s\u00fa (Mi. 104.).<\/p>\n<p>A b\u00e9lyegf\u00fczetekre jellemz\u0151 barna foltosod\u00e1s n\u00e9lk\u00fcl!<\/p>\n","protected":false},"featured_media":33663,"template":"","meta":[],"product_brand":[],"product_cat":[1183],"product_tag":[1669,116,235,176],"class_list":{"0":"post-27736","1":"product","2":"type-product","3":"status-publish","4":"has-post-thumbnail","6":"product_cat-olaszorszag","7":"product_tag-3rd-auction","8":"product_tag-belyeg","9":"product_tag-belyegfuzet","10":"product_tag-philagem","12":"first","13":"outofstock","14":"sold-individually","15":"shipping-taxable","16":"purchasable","17":"product-type-simple"},"_links":{"self":[{"href":"https:\/\/stampcurio.com\/hu\/wp-json\/wp\/v2\/product\/27736","targetHints":{"allow":["GET"]}}],"collection":[{"href":"https:\/\/stampcurio.com\/hu\/wp-json\/wp\/v2\/product"}],"about":[{"href":"https:\/\/stampcurio.com\/hu\/wp-json\/wp\/v2\/types\/product"}],"wp:featuredmedia":[{"embeddable":true,"href":"https:\/\/stampcurio.com\/hu\/wp-json\/wp\/v2\/media\/33663"}],"wp:attachment":[{"href":"https:\/\/stampcurio.com\/hu\/wp-json\/wp\/v2\/media?parent=27736"}],"wp:term":[{"taxonomy":"product_brand","embeddable":true,"href":"https:\/\/stampcurio.com\/hu\/wp-json\/wp\/v2\/product_brand?post=27736"},{"taxonomy":"product_cat","embeddable":true,"href":"https:\/\/stampcurio.com\/hu\/wp-json\/wp\/v2\/product_cat?post=27736"},{"taxonomy":"product_tag","embeddable":true,"href":"https:\/\/stampcurio.com\/hu\/wp-json\/wp\/v2\/product_tag?post=27736"}],"curies":[{"name":"wp","href":"https:\/\/api.w.org\/{rel}","templated":true}]}}