{"id":27735,"date":"2025-11-24T16:32:11","date_gmt":"2025-11-24T15:32:11","guid":{"rendered":"https:\/\/stampcurio.com\/product\/1911-olaszorszag-36-lira-belyegfuzet-hibatlan-allapotban-a-belyegfuzetekre-jellemzo-barna-foltosodas-nelkul-fantasztikus-allapotban-sassone-10000-eur-michel-3800-eur-mi-104\/"},"modified":"2025-12-05T04:00:58","modified_gmt":"2025-12-05T03:00:58","slug":"1916-olaszorszag-36-lira-belyegfuzet-kifogastalan-allapotban-sassone-10-000-eur-michel-104-3-800-eur","status":"publish","type":"product","link":"https:\/\/stampcurio.com\/hu\/termek\/1916-olaszorszag-36-lira-belyegfuzet-kifogastalan-allapotban-sassone-10-000-eur-michel-104-3-800-eur\/","title":{"rendered":"1916 Olaszorsz\u00e1g \u2013 3,6 l\u00edra b\u00e9lyegf\u00fczet, kifog\u00e1stalan \u00e1llapotban | Sassone: 10.000 EUR | Michel: 104. \/ 3.800 EUR"},"content":{"rendered":"","protected":false},"excerpt":{"rendered":"<p>Nagyon j\u00f3 \u00e1llapotban, b\u00e9lyegf\u00fczetekre jellemz\u0151 barna foltosod\u00e1s n\u00e9lk\u00fcl!<\/p>\n","protected":false},"featured_media":33667,"template":"","meta":[],"product_brand":[],"product_cat":[1183],"product_tag":[1669,116,235,176],"class_list":{"0":"post-27735","1":"product","2":"type-product","3":"status-publish","4":"has-post-thumbnail","6":"product_cat-olaszorszag","7":"product_tag-3rd-auction","8":"product_tag-belyeg","9":"product_tag-belyegfuzet","10":"product_tag-philagem","12":"first","13":"outofstock","14":"sold-individually","15":"shipping-taxable","16":"purchasable","17":"product-type-simple"},"_links":{"self":[{"href":"https:\/\/stampcurio.com\/hu\/wp-json\/wp\/v2\/product\/27735","targetHints":{"allow":["GET"]}}],"collection":[{"href":"https:\/\/stampcurio.com\/hu\/wp-json\/wp\/v2\/product"}],"about":[{"href":"https:\/\/stampcurio.com\/hu\/wp-json\/wp\/v2\/types\/product"}],"wp:featuredmedia":[{"embeddable":true,"href":"https:\/\/stampcurio.com\/hu\/wp-json\/wp\/v2\/media\/33667"}],"wp:attachment":[{"href":"https:\/\/stampcurio.com\/hu\/wp-json\/wp\/v2\/media?parent=27735"}],"wp:term":[{"taxonomy":"product_brand","embeddable":true,"href":"https:\/\/stampcurio.com\/hu\/wp-json\/wp\/v2\/product_brand?post=27735"},{"taxonomy":"product_cat","embeddable":true,"href":"https:\/\/stampcurio.com\/hu\/wp-json\/wp\/v2\/product_cat?post=27735"},{"taxonomy":"product_tag","embeddable":true,"href":"https:\/\/stampcurio.com\/hu\/wp-json\/wp\/v2\/product_tag?post=27735"}],"curies":[{"name":"wp","href":"https:\/\/api.w.org\/{rel}","templated":true}]}}