{"id":27734,"date":"2025-11-24T16:32:11","date_gmt":"2025-11-24T15:32:11","guid":{"rendered":"https:\/\/stampcurio.com\/product\/1974-eszak-korea-latkepes-dijjegyes-boritek-a-kulugyminiszteriumi-postan-kuldve-magyarorszagra-budapesten-a-kulugyminiszterium-postazta-el-a-cimzettnek\/"},"modified":"2025-12-05T04:00:58","modified_gmt":"2025-12-05T03:00:58","slug":"1974-eszak-korea-latkepes-dijjegyes-boritek-kulugyminiszteriumi-konzulatusi-postan-kuldve-magyarorszagra","status":"publish","type":"product","link":"https:\/\/stampcurio.com\/hu\/termek\/1974-eszak-korea-latkepes-dijjegyes-boritek-kulugyminiszteriumi-konzulatusi-postan-kuldve-magyarorszagra\/","title":{"rendered":"1974 \u00c9szak-Korea &#8211; L\u00e1tk\u00e9pes d\u00edjjegyes bor\u00edt\u00e9k K\u00fcl\u00fcgyminiszt\u00e9riumi konzul\u00e1tusi post\u00e1n k\u00fcldve Magyarorsz\u00e1gra"},"content":{"rendered":"","protected":false},"excerpt":{"rendered":"<p>A konzul\u00e1tusi post\u00e1val magyororsz\u00e1gra \u00e9rkezett k\u00fcldem\u00e9nyt Budapesten a K\u00fcl\u00fcgyminiszt\u00e9rium d\u00edjel\u0151leges belf\u00f6ldi lev\u00e9lk\u00e9nt post\u00e1zta tov\u00e1bb a c\u00edmzettnek.<\/p>\n","protected":false},"featured_media":29196,"template":"","meta":[],"product_brand":[],"product_cat":[1225,1172],"product_tag":[1669,74,127,89],"class_list":{"0":"post-27734","1":"product","2":"type-product","3":"status-publish","4":"has-post-thumbnail","6":"product_cat-eszak-korea","7":"product_cat-magyarorszag","8":"product_tag-3rd-auction","9":"product_tag-dijjegyes","10":"product_tag-konzulatusi-posta","11":"product_tag-postatortenet","13":"first","14":"outofstock","15":"sold-individually","16":"shipping-taxable","17":"purchasable","18":"product-type-simple"},"_links":{"self":[{"href":"https:\/\/stampcurio.com\/hu\/wp-json\/wp\/v2\/product\/27734","targetHints":{"allow":["GET"]}}],"collection":[{"href":"https:\/\/stampcurio.com\/hu\/wp-json\/wp\/v2\/product"}],"about":[{"href":"https:\/\/stampcurio.com\/hu\/wp-json\/wp\/v2\/types\/product"}],"wp:featuredmedia":[{"embeddable":true,"href":"https:\/\/stampcurio.com\/hu\/wp-json\/wp\/v2\/media\/29196"}],"wp:attachment":[{"href":"https:\/\/stampcurio.com\/hu\/wp-json\/wp\/v2\/media?parent=27734"}],"wp:term":[{"taxonomy":"product_brand","embeddable":true,"href":"https:\/\/stampcurio.com\/hu\/wp-json\/wp\/v2\/product_brand?post=27734"},{"taxonomy":"product_cat","embeddable":true,"href":"https:\/\/stampcurio.com\/hu\/wp-json\/wp\/v2\/product_cat?post=27734"},{"taxonomy":"product_tag","embeddable":true,"href":"https:\/\/stampcurio.com\/hu\/wp-json\/wp\/v2\/product_tag?post=27734"}],"curies":[{"name":"wp","href":"https:\/\/api.w.org\/{rel}","templated":true}]}}