{"id":27733,"date":"2025-11-24T16:32:10","date_gmt":"2025-11-24T15:32:10","guid":{"rendered":"https:\/\/stampcurio.com\/product\/1959-eszak-korea-2-db-dijjegyes-boritek-ul-jin-10-won-dijkiegeszitessel-egy-fogazott-egy-vagott\/"},"modified":"2025-12-05T04:00:59","modified_gmt":"2025-12-05T03:00:59","slug":"1959-eszak-korea-ket-azonos-dijjegyes-boritek-ul-jin-10-won-dijkiegeszitessel-de-az-egyik-fogazott-a-masik-vagott-belyeggel-izgalmas-paros","status":"publish","type":"product","link":"https:\/\/stampcurio.com\/hu\/termek\/1959-eszak-korea-ket-azonos-dijjegyes-boritek-ul-jin-10-won-dijkiegeszitessel-de-az-egyik-fogazott-a-masik-vagott-belyeggel-izgalmas-paros\/","title":{"rendered":"1959 \u00c9szak-Korea &#8211; K\u00e9t azonos d\u00edjjegyes bor\u00edt\u00e9k Ul Jin 10 won d\u00edjkieg\u00e9sz\u00edt\u00e9ssel, de az egyik fogazott, a m\u00e1sik v\u00e1gott b\u00e9lyeggel &#8211; izgalmas p\u00e1ros"},"content":{"rendered":"","protected":false},"excerpt":{"rendered":"","protected":false},"featured_media":29063,"template":"","meta":[],"product_brand":[],"product_cat":[1225],"product_tag":[1669,116,74,89],"class_list":{"0":"post-27733","1":"product","2":"type-product","3":"status-publish","4":"has-post-thumbnail","6":"product_cat-eszak-korea","7":"product_tag-3rd-auction","8":"product_tag-belyeg","9":"product_tag-dijjegyes","10":"product_tag-postatortenet","12":"first","13":"outofstock","14":"sold-individually","15":"shipping-taxable","16":"purchasable","17":"product-type-simple"},"_links":{"self":[{"href":"https:\/\/stampcurio.com\/hu\/wp-json\/wp\/v2\/product\/27733","targetHints":{"allow":["GET"]}}],"collection":[{"href":"https:\/\/stampcurio.com\/hu\/wp-json\/wp\/v2\/product"}],"about":[{"href":"https:\/\/stampcurio.com\/hu\/wp-json\/wp\/v2\/types\/product"}],"wp:featuredmedia":[{"embeddable":true,"href":"https:\/\/stampcurio.com\/hu\/wp-json\/wp\/v2\/media\/29063"}],"wp:attachment":[{"href":"https:\/\/stampcurio.com\/hu\/wp-json\/wp\/v2\/media?parent=27733"}],"wp:term":[{"taxonomy":"product_brand","embeddable":true,"href":"https:\/\/stampcurio.com\/hu\/wp-json\/wp\/v2\/product_brand?post=27733"},{"taxonomy":"product_cat","embeddable":true,"href":"https:\/\/stampcurio.com\/hu\/wp-json\/wp\/v2\/product_cat?post=27733"},{"taxonomy":"product_tag","embeddable":true,"href":"https:\/\/stampcurio.com\/hu\/wp-json\/wp\/v2\/product_tag?post=27733"}],"curies":[{"name":"wp","href":"https:\/\/api.w.org\/{rel}","templated":true}]}}