{"id":27732,"date":"2025-11-24T16:32:10","date_gmt":"2025-11-24T15:32:10","guid":{"rendered":"https:\/\/stampcurio.com\/product\/1960-eszak-korea-illusztralt-dijjegyes-boritek-magyarorszagra-kuldve\/"},"modified":"2025-12-05T04:00:59","modified_gmt":"2025-12-05T03:00:59","slug":"1960-eszak-korea-illusztralt-dijjegyes-boritek-magyarorszagra-kuldve-dijkiegeszitessel","status":"publish","type":"product","link":"https:\/\/stampcurio.com\/hu\/termek\/1960-eszak-korea-illusztralt-dijjegyes-boritek-magyarorszagra-kuldve-dijkiegeszitessel\/","title":{"rendered":"1960 \u00c9szak-Korea &#8211; Illusztr\u00e1lt d\u00edjjegyes bor\u00edt\u00e9k Magyarorsz\u00e1gra k\u00fcldve d\u00edjkieg\u00e9sz\u00edt\u00e9ssel"},"content":{"rendered":"","protected":false},"excerpt":{"rendered":"","protected":false},"featured_media":29222,"template":"","meta":[],"product_brand":[],"product_cat":[1225,1172],"product_tag":[1669,116,74,89],"class_list":{"0":"post-27732","1":"product","2":"type-product","3":"status-publish","4":"has-post-thumbnail","6":"product_cat-eszak-korea","7":"product_cat-magyarorszag","8":"product_tag-3rd-auction","9":"product_tag-belyeg","10":"product_tag-dijjegyes","11":"product_tag-postatortenet","13":"first","14":"outofstock","15":"sold-individually","16":"shipping-taxable","17":"purchasable","18":"product-type-simple"},"_links":{"self":[{"href":"https:\/\/stampcurio.com\/hu\/wp-json\/wp\/v2\/product\/27732","targetHints":{"allow":["GET"]}}],"collection":[{"href":"https:\/\/stampcurio.com\/hu\/wp-json\/wp\/v2\/product"}],"about":[{"href":"https:\/\/stampcurio.com\/hu\/wp-json\/wp\/v2\/types\/product"}],"wp:featuredmedia":[{"embeddable":true,"href":"https:\/\/stampcurio.com\/hu\/wp-json\/wp\/v2\/media\/29222"}],"wp:attachment":[{"href":"https:\/\/stampcurio.com\/hu\/wp-json\/wp\/v2\/media?parent=27732"}],"wp:term":[{"taxonomy":"product_brand","embeddable":true,"href":"https:\/\/stampcurio.com\/hu\/wp-json\/wp\/v2\/product_brand?post=27732"},{"taxonomy":"product_cat","embeddable":true,"href":"https:\/\/stampcurio.com\/hu\/wp-json\/wp\/v2\/product_cat?post=27732"},{"taxonomy":"product_tag","embeddable":true,"href":"https:\/\/stampcurio.com\/hu\/wp-json\/wp\/v2\/product_tag?post=27732"}],"curies":[{"name":"wp","href":"https:\/\/api.w.org\/{rel}","templated":true}]}}