{"id":27730,"date":"2025-11-24T16:32:09","date_gmt":"2025-11-24T15:32:09","guid":{"rendered":"https:\/\/stampcurio.com\/product\/1950-eszak-korea-zart-dijjegyes-levelezolap-dr-hajtsnak-a-rakosi-matyas-korhazba-cimezve-a-lap-erdekessege-hogy-egy-eszak-koreai-orvos-altal-magyarul-irva-az-eszak-koreai-magyar-misszio-rendkiv\/"},"modified":"2025-12-05T04:00:59","modified_gmt":"2025-12-05T03:00:59","slug":"1950-eszak-korea-zart-dijjegyes-levelezolap-dr-hajtsnak-a-rakosi-korhazba-cimezve-a-lap-erdekessege-hogy-egy-eszak-koreai-orvos-altal-magyarul-irva-az-eszak-koreai-magyar-misszio-rendkivul-ke","status":"publish","type":"product","link":"https:\/\/stampcurio.com\/hu\/termek\/1950-eszak-korea-zart-dijjegyes-levelezolap-dr-hajtsnak-a-rakosi-korhazba-cimezve-a-lap-erdekessege-hogy-egy-eszak-koreai-orvos-altal-magyarul-irva-az-eszak-koreai-magyar-misszio-rendkivul-ke\/","title":{"rendered":"1950 \u00c9szak-Korea &#8211; Z\u00e1rt d\u00edjjegyes levelez\u0151lap, dr. Hajtsnak, a R\u00e1kosi K\u00f3rh\u00e1zba c\u00edmezve. A lap \u00e9rdekess\u00e9ge, hogy egy \u00e9szak-koreai orvos \u00e1ltal, magyarul \u00edrva. Az \u00e9szak-koreai magyar misszi\u00f3 rendk\u00edv\u00fcl kev\u00e9s fennmaradt dokumentumainak egyike."},"content":{"rendered":"","protected":false},"excerpt":{"rendered":"<p>Szakad\u00e1s a baloldalon-<\/p>\n","protected":false},"featured_media":29088,"template":"","meta":[],"product_brand":[],"product_cat":[1225,1172],"product_tag":[1669,74,1711,89],"class_list":{"0":"post-27730","1":"product","2":"type-product","3":"status-publish","4":"has-post-thumbnail","6":"product_cat-eszak-korea","7":"product_cat-magyarorszag","8":"product_tag-3rd-auction","9":"product_tag-dijjegyes","10":"product_tag-hungarika","11":"product_tag-postatortenet","13":"first","14":"outofstock","15":"sold-individually","16":"shipping-taxable","17":"purchasable","18":"product-type-simple"},"_links":{"self":[{"href":"https:\/\/stampcurio.com\/hu\/wp-json\/wp\/v2\/product\/27730","targetHints":{"allow":["GET"]}}],"collection":[{"href":"https:\/\/stampcurio.com\/hu\/wp-json\/wp\/v2\/product"}],"about":[{"href":"https:\/\/stampcurio.com\/hu\/wp-json\/wp\/v2\/types\/product"}],"wp:featuredmedia":[{"embeddable":true,"href":"https:\/\/stampcurio.com\/hu\/wp-json\/wp\/v2\/media\/29088"}],"wp:attachment":[{"href":"https:\/\/stampcurio.com\/hu\/wp-json\/wp\/v2\/media?parent=27730"}],"wp:term":[{"taxonomy":"product_brand","embeddable":true,"href":"https:\/\/stampcurio.com\/hu\/wp-json\/wp\/v2\/product_brand?post=27730"},{"taxonomy":"product_cat","embeddable":true,"href":"https:\/\/stampcurio.com\/hu\/wp-json\/wp\/v2\/product_cat?post=27730"},{"taxonomy":"product_tag","embeddable":true,"href":"https:\/\/stampcurio.com\/hu\/wp-json\/wp\/v2\/product_tag?post=27730"}],"curies":[{"name":"wp","href":"https:\/\/api.w.org\/{rel}","templated":true}]}}