{"id":2773,"date":"2023-11-14T10:55:48","date_gmt":"2023-11-14T09:55:48","guid":{"rendered":"http:\/\/stampcurio.com\/?post_type=product&#038;p=2773"},"modified":"2025-12-05T04:13:24","modified_gmt":"2025-12-05T03:13:24","slug":"szegedy-geza-olimpikon-levele-az-1906-s-panhellen-olimpiarol-melyben-beszamol-a-magyar-csapat-eredmenyeirol","status":"publish","type":"product","link":"https:\/\/stampcurio.com\/hu\/termek\/szegedy-geza-olimpikon-levele-az-1906-s-panhellen-olimpiarol-melyben-beszamol-a-magyar-csapat-eredmenyeirol\/","title":{"rendered":"Szegedy G\u00e9za olimpikon levele az 1906-s p\u00e1nhell\u00e9n olimpi\u00e1r\u00f3l melyben besz\u00e1mol a magyar csapat eredm\u00e9nyeir\u0151l"},"content":{"rendered":"","protected":false},"excerpt":{"rendered":"","protected":false},"featured_media":2383,"template":"","meta":[],"product_brand":[],"product_cat":[285,73],"product_tag":[1044,272,149,89,264],"class_list":{"0":"post-2773","1":"product","2":"type-product","3":"status-publish","4":"has-post-thumbnail","6":"product_cat-gorogorszag-1st","7":"product_cat-magyarorszag-1st","8":"product_tag-1st-auction-hu","9":"product_tag-atletika","10":"product_tag-olimpia","11":"product_tag-postatortenet","12":"product_tag-sport","13":"pa_catalog_id-284","15":"first","16":"instock","17":"sold-individually","18":"shipping-taxable","19":"product-type-simple"},"_links":{"self":[{"href":"https:\/\/stampcurio.com\/hu\/wp-json\/wp\/v2\/product\/2773","targetHints":{"allow":["GET"]}}],"collection":[{"href":"https:\/\/stampcurio.com\/hu\/wp-json\/wp\/v2\/product"}],"about":[{"href":"https:\/\/stampcurio.com\/hu\/wp-json\/wp\/v2\/types\/product"}],"wp:featuredmedia":[{"embeddable":true,"href":"https:\/\/stampcurio.com\/hu\/wp-json\/wp\/v2\/media\/2383"}],"wp:attachment":[{"href":"https:\/\/stampcurio.com\/hu\/wp-json\/wp\/v2\/media?parent=2773"}],"wp:term":[{"taxonomy":"product_brand","embeddable":true,"href":"https:\/\/stampcurio.com\/hu\/wp-json\/wp\/v2\/product_brand?post=2773"},{"taxonomy":"product_cat","embeddable":true,"href":"https:\/\/stampcurio.com\/hu\/wp-json\/wp\/v2\/product_cat?post=2773"},{"taxonomy":"product_tag","embeddable":true,"href":"https:\/\/stampcurio.com\/hu\/wp-json\/wp\/v2\/product_tag?post=2773"}],"curies":[{"name":"wp","href":"https:\/\/api.w.org\/{rel}","templated":true}]}}