{"id":27728,"date":"2025-11-24T16:32:06","date_gmt":"2025-11-24T15:32:06","guid":{"rendered":"https:\/\/stampcurio.com\/product\/19xx-eszak-korea-xxx\/"},"modified":"2025-12-05T04:01:00","modified_gmt":"2025-12-05T03:01:00","slug":"1960-eszak-korea-hasznalatlan-illusztralt-dijjegyes-levelezolap","status":"publish","type":"product","link":"https:\/\/stampcurio.com\/hu\/termek\/1960-eszak-korea-hasznalatlan-illusztralt-dijjegyes-levelezolap\/","title":{"rendered":"1960 \u00c9szak-Korea \u2013 haszn\u00e1latlan illusztr\u00e1lt d\u00edjjegyes levelez\u0151lap"},"content":{"rendered":"","protected":false},"excerpt":{"rendered":"","protected":false},"featured_media":29118,"template":"","meta":[],"product_brand":[],"product_cat":[1225],"product_tag":[1669,74],"class_list":{"0":"post-27728","1":"product","2":"type-product","3":"status-publish","4":"has-post-thumbnail","6":"product_cat-eszak-korea","7":"product_tag-3rd-auction","8":"product_tag-dijjegyes","10":"first","11":"outofstock","12":"sold-individually","13":"shipping-taxable","14":"purchasable","15":"product-type-simple"},"_links":{"self":[{"href":"https:\/\/stampcurio.com\/hu\/wp-json\/wp\/v2\/product\/27728","targetHints":{"allow":["GET"]}}],"collection":[{"href":"https:\/\/stampcurio.com\/hu\/wp-json\/wp\/v2\/product"}],"about":[{"href":"https:\/\/stampcurio.com\/hu\/wp-json\/wp\/v2\/types\/product"}],"wp:featuredmedia":[{"embeddable":true,"href":"https:\/\/stampcurio.com\/hu\/wp-json\/wp\/v2\/media\/29118"}],"wp:attachment":[{"href":"https:\/\/stampcurio.com\/hu\/wp-json\/wp\/v2\/media?parent=27728"}],"wp:term":[{"taxonomy":"product_brand","embeddable":true,"href":"https:\/\/stampcurio.com\/hu\/wp-json\/wp\/v2\/product_brand?post=27728"},{"taxonomy":"product_cat","embeddable":true,"href":"https:\/\/stampcurio.com\/hu\/wp-json\/wp\/v2\/product_cat?post=27728"},{"taxonomy":"product_tag","embeddable":true,"href":"https:\/\/stampcurio.com\/hu\/wp-json\/wp\/v2\/product_tag?post=27728"}],"curies":[{"name":"wp","href":"https:\/\/api.w.org\/{rel}","templated":true}]}}