{"id":27726,"date":"2025-11-24T16:32:05","date_gmt":"2025-11-24T15:32:05","guid":{"rendered":"https:\/\/stampcurio.com\/product\/1955-eszak-korea-illusztralt-dijjegyes-levelezolap-magyarorszagra-kuldve\/"},"modified":"2025-12-05T04:01:01","modified_gmt":"2025-12-05T03:01:01","slug":"1955-eszak-korea-illusztralt-dijkiegeszitett-dijjegyes-levelezolap-magyarorszagra-kuldve","status":"publish","type":"product","link":"https:\/\/stampcurio.com\/hu\/termek\/1955-eszak-korea-illusztralt-dijkiegeszitett-dijjegyes-levelezolap-magyarorszagra-kuldve\/","title":{"rendered":"1955 \u00c9szak-Korea &#8211; Illusztr\u00e1lt d\u00edjkieg\u00e9sz\u00edtett d\u00edjjegyes levelez\u0151lap Magyarorsz\u00e1gra k\u00fcldve"},"content":{"rendered":"","protected":false},"excerpt":{"rendered":"","protected":false},"featured_media":29092,"template":"","meta":[],"product_brand":[],"product_cat":[1225],"product_tag":[1669,74,89],"class_list":{"0":"post-27726","1":"product","2":"type-product","3":"status-publish","4":"has-post-thumbnail","6":"product_cat-eszak-korea","7":"product_tag-3rd-auction","8":"product_tag-dijjegyes","9":"product_tag-postatortenet","11":"first","12":"outofstock","13":"sold-individually","14":"shipping-taxable","15":"purchasable","16":"product-type-simple"},"_links":{"self":[{"href":"https:\/\/stampcurio.com\/hu\/wp-json\/wp\/v2\/product\/27726","targetHints":{"allow":["GET"]}}],"collection":[{"href":"https:\/\/stampcurio.com\/hu\/wp-json\/wp\/v2\/product"}],"about":[{"href":"https:\/\/stampcurio.com\/hu\/wp-json\/wp\/v2\/types\/product"}],"wp:featuredmedia":[{"embeddable":true,"href":"https:\/\/stampcurio.com\/hu\/wp-json\/wp\/v2\/media\/29092"}],"wp:attachment":[{"href":"https:\/\/stampcurio.com\/hu\/wp-json\/wp\/v2\/media?parent=27726"}],"wp:term":[{"taxonomy":"product_brand","embeddable":true,"href":"https:\/\/stampcurio.com\/hu\/wp-json\/wp\/v2\/product_brand?post=27726"},{"taxonomy":"product_cat","embeddable":true,"href":"https:\/\/stampcurio.com\/hu\/wp-json\/wp\/v2\/product_cat?post=27726"},{"taxonomy":"product_tag","embeddable":true,"href":"https:\/\/stampcurio.com\/hu\/wp-json\/wp\/v2\/product_tag?post=27726"}],"curies":[{"name":"wp","href":"https:\/\/api.w.org\/{rel}","templated":true}]}}