{"id":27725,"date":"2025-11-24T16:32:05","date_gmt":"2025-11-24T15:32:05","guid":{"rendered":"https:\/\/stampcurio.com\/product\/1900-korul-korea-ket-dijjegyes-lap\/"},"modified":"2026-01-05T15:02:49","modified_gmt":"2026-01-05T14:02:49","slug":"1900-korea-hasznalatlan-dijjegyes-lap-kifogastalan-minosegben-ascher3-pc2","status":"publish","type":"product","link":"https:\/\/stampcurio.com\/hu\/termek\/1900-korea-hasznalatlan-dijjegyes-lap-kifogastalan-minosegben-ascher3-pc2\/","title":{"rendered":"1900 Korea &#8211; haszn\u00e1latlan d\u00edjjegyes lap kifog\u00e1stalan min\u0151s\u00e9gben | Ascher3 | PC2"},"content":{"rendered":"","protected":false},"excerpt":{"rendered":"","protected":false},"featured_media":29234,"template":"","meta":[],"product_brand":[],"product_cat":[1696],"product_tag":[1669,74,1006],"class_list":{"0":"post-27725","1":"product","2":"type-product","3":"status-publish","4":"has-post-thumbnail","6":"product_cat-korea","7":"product_tag-3rd-auction","8":"product_tag-dijjegyes","9":"product_tag-unsold","11":"first","12":"instock","13":"sold-individually","14":"shipping-taxable","15":"purchasable","16":"product-type-simple"},"_links":{"self":[{"href":"https:\/\/stampcurio.com\/hu\/wp-json\/wp\/v2\/product\/27725","targetHints":{"allow":["GET"]}}],"collection":[{"href":"https:\/\/stampcurio.com\/hu\/wp-json\/wp\/v2\/product"}],"about":[{"href":"https:\/\/stampcurio.com\/hu\/wp-json\/wp\/v2\/types\/product"}],"wp:featuredmedia":[{"embeddable":true,"href":"https:\/\/stampcurio.com\/hu\/wp-json\/wp\/v2\/media\/29234"}],"wp:attachment":[{"href":"https:\/\/stampcurio.com\/hu\/wp-json\/wp\/v2\/media?parent=27725"}],"wp:term":[{"taxonomy":"product_brand","embeddable":true,"href":"https:\/\/stampcurio.com\/hu\/wp-json\/wp\/v2\/product_brand?post=27725"},{"taxonomy":"product_cat","embeddable":true,"href":"https:\/\/stampcurio.com\/hu\/wp-json\/wp\/v2\/product_cat?post=27725"},{"taxonomy":"product_tag","embeddable":true,"href":"https:\/\/stampcurio.com\/hu\/wp-json\/wp\/v2\/product_tag?post=27725"}],"curies":[{"name":"wp","href":"https:\/\/api.w.org\/{rel}","templated":true}]}}