{"id":27724,"date":"2025-11-24T16:32:05","date_gmt":"2025-11-24T15:32:05","guid":{"rendered":"https:\/\/stampcurio.com\/product\/1900-magyarorszag-rendkivuli-vegyes-bermentesites-filatelista-indittatasu-nemetorszagba-kuldott-ajanlott-levelezolapon-a-4-filleres-turul-belyeg-115-fogazattal-rendkivul-latvanyo\/"},"modified":"2026-01-05T15:02:49","modified_gmt":"2026-01-05T14:02:49","slug":"1900-magyarorszag-rendkivuli-vegyes-bermentesites-filatelista-indittatasu-nemetorszagba-kuldott-ajanlott-levelezolapon-a-4-filleres-belyeg-115-fogazattal","status":"publish","type":"product","link":"https:\/\/stampcurio.com\/hu\/termek\/1900-magyarorszag-rendkivuli-vegyes-bermentesites-filatelista-indittatasu-nemetorszagba-kuldott-ajanlott-levelezolapon-a-4-filleres-belyeg-115-fogazattal\/","title":{"rendered":"1900 Magyarorsz\u00e1g &#8211; Rendk\u00edv\u00fcli vegyes b\u00e9rmentes\u00edt\u00e9s filatelista ind\u00edttat\u00e1s\u00fa, N\u00e9metorsz\u00e1gba k\u00fcld\u00f6tt aj\u00e1nlott levelez\u0151lapon \u2013 a 4 fill\u00e9res b\u00e9lyeg 11,5 fogazattal!"},"content":{"rendered":"","protected":false},"excerpt":{"rendered":"","protected":false},"featured_media":29073,"template":"","meta":[],"product_brand":[],"product_cat":[1172],"product_tag":[1669,116,89,1006,172],"class_list":{"0":"post-27724","1":"product","2":"type-product","3":"status-publish","4":"has-post-thumbnail","6":"product_cat-magyarorszag","7":"product_tag-3rd-auction","8":"product_tag-belyeg","9":"product_tag-postatortenet","10":"product_tag-unsold","11":"product_tag-vegyes-bermentesites","13":"first","14":"instock","15":"sold-individually","16":"shipping-taxable","17":"purchasable","18":"product-type-simple"},"_links":{"self":[{"href":"https:\/\/stampcurio.com\/hu\/wp-json\/wp\/v2\/product\/27724","targetHints":{"allow":["GET"]}}],"collection":[{"href":"https:\/\/stampcurio.com\/hu\/wp-json\/wp\/v2\/product"}],"about":[{"href":"https:\/\/stampcurio.com\/hu\/wp-json\/wp\/v2\/types\/product"}],"wp:featuredmedia":[{"embeddable":true,"href":"https:\/\/stampcurio.com\/hu\/wp-json\/wp\/v2\/media\/29073"}],"wp:attachment":[{"href":"https:\/\/stampcurio.com\/hu\/wp-json\/wp\/v2\/media?parent=27724"}],"wp:term":[{"taxonomy":"product_brand","embeddable":true,"href":"https:\/\/stampcurio.com\/hu\/wp-json\/wp\/v2\/product_brand?post=27724"},{"taxonomy":"product_cat","embeddable":true,"href":"https:\/\/stampcurio.com\/hu\/wp-json\/wp\/v2\/product_cat?post=27724"},{"taxonomy":"product_tag","embeddable":true,"href":"https:\/\/stampcurio.com\/hu\/wp-json\/wp\/v2\/product_tag?post=27724"}],"curies":[{"name":"wp","href":"https:\/\/api.w.org\/{rel}","templated":true}]}}