{"id":27723,"date":"2025-11-24T16:32:04","date_gmt":"2025-11-24T15:32:04","guid":{"rendered":"https:\/\/stampcurio.com\/product\/1939-magyarorszag-legiposta-level-santiago-di-chilebe-kuldve-20-pengo-40-filler-bermentesitessel-rendkivul-ritka-bermentesites-melyet-francotyp-belyegzessel-rottak-le-9-9-240-pengofil\/"},"modified":"2025-12-05T04:01:01","modified_gmt":"2025-12-05T03:01:01","slug":"1939-magyarorszag-legiposta-level-chilebe-kuldve-20-pengo-40-filler-bermentesitessel-rendkivul-ritka-magas-legiposta-bermentesites-melyet-francotyp-gepi-belyegzesekkel-rottak-le-9-9","status":"publish","type":"product","link":"https:\/\/stampcurio.com\/hu\/termek\/1939-magyarorszag-legiposta-level-chilebe-kuldve-20-pengo-40-filler-bermentesitessel-rendkivul-ritka-magas-legiposta-bermentesites-melyet-francotyp-gepi-belyegzesekkel-rottak-le-9-9\/","title":{"rendered":"1939 Magyarorsz\u00e1g &#8211; L\u00e9giposta lev\u00e9l Chil\u00e9be k\u00fcldve, 20 peng\u0151 40 fill\u00e9r b\u00e9rmentes\u00edt\u00e9ssel \u2013 rendk\u00edv\u00fcl ritka magas l\u00e9giposta b\u00e9rmentes\u00edt\u00e9s, melyet francotyp g\u00e9pi b\u00e9lyegz\u00e9sekkel r\u00f3ttak le 9 + 9 + 2,40 peng\u0151 \u2013 h\u00e1rom lenyomattal, rendk\u00edv\u00fcli t\u00f6bbes g\u00e9pi b\u00e9rmentes\u00edt\u00e9s."},"content":{"rendered":"","protected":false},"excerpt":{"rendered":"<p>A g\u00e9p maxim\u00e1lis lenyomata 9 peng\u0151 volt, ez\u00e9rt kellett a h\u00e1rmas d\u00edjlerov\u00e1s.<\/p>\n","protected":false},"featured_media":29214,"template":"","meta":[],"product_brand":[],"product_cat":[1244,1172],"product_tag":[1669,1383,115,89],"class_list":{"0":"post-27723","1":"product","2":"type-product","3":"status-publish","4":"has-post-thumbnail","6":"product_cat-chile","7":"product_cat-magyarorszag","8":"product_tag-3rd-auction","9":"product_tag-gepi-bermentesites","10":"product_tag-legiposta","11":"product_tag-postatortenet","13":"first","14":"outofstock","15":"sold-individually","16":"shipping-taxable","17":"purchasable","18":"product-type-simple"},"_links":{"self":[{"href":"https:\/\/stampcurio.com\/hu\/wp-json\/wp\/v2\/product\/27723","targetHints":{"allow":["GET"]}}],"collection":[{"href":"https:\/\/stampcurio.com\/hu\/wp-json\/wp\/v2\/product"}],"about":[{"href":"https:\/\/stampcurio.com\/hu\/wp-json\/wp\/v2\/types\/product"}],"wp:featuredmedia":[{"embeddable":true,"href":"https:\/\/stampcurio.com\/hu\/wp-json\/wp\/v2\/media\/29214"}],"wp:attachment":[{"href":"https:\/\/stampcurio.com\/hu\/wp-json\/wp\/v2\/media?parent=27723"}],"wp:term":[{"taxonomy":"product_brand","embeddable":true,"href":"https:\/\/stampcurio.com\/hu\/wp-json\/wp\/v2\/product_brand?post=27723"},{"taxonomy":"product_cat","embeddable":true,"href":"https:\/\/stampcurio.com\/hu\/wp-json\/wp\/v2\/product_cat?post=27723"},{"taxonomy":"product_tag","embeddable":true,"href":"https:\/\/stampcurio.com\/hu\/wp-json\/wp\/v2\/product_tag?post=27723"}],"curies":[{"name":"wp","href":"https:\/\/api.w.org\/{rel}","templated":true}]}}