{"id":27722,"date":"2025-11-24T16:32:04","date_gmt":"2025-11-24T15:32:04","guid":{"rendered":"https:\/\/stampcurio.com\/product\/1900-januar-10-magyarorszag-2-kr-dijjegyes-levelezolap-ausztriaba-kuldve-a-rovid-ideig-eletben-levo-kedvezmenyes-provizorikus-portozasi-rend-szerint-csupan-1-heller-portoval-megterhelve-b\/"},"modified":"2025-12-05T04:01:01","modified_gmt":"2025-12-05T03:01:01","slug":"1900-januar-10-magyarorszag-2-kr-dijjegyes-levelezolap-ausztriaba-kuldve-a-rovid-ideig-eletben-levo-kedvezmenyes-provizorikus-portozasi-rend-szerint-buntetoporto-nelkul-csupan-1-heller-p","status":"publish","type":"product","link":"https:\/\/stampcurio.com\/hu\/termek\/1900-januar-10-magyarorszag-2-kr-dijjegyes-levelezolap-ausztriaba-kuldve-a-rovid-ideig-eletben-levo-kedvezmenyes-provizorikus-portozasi-rend-szerint-buntetoporto-nelkul-csupan-1-heller-p\/","title":{"rendered":"1900. janu\u00e1r 10. Magyarorsz\u00e1g &#8211; 2 kr d\u00edjjegyes levelez\u0151lap Ausztri\u00e1ba k\u00fcldve \u2013 a r\u00f6vid ideig \u00e9letben l\u00e9v\u0151 kedvezm\u00e9nyes proviz\u00f3rikus port\u00f3z\u00e1si rend szerint b\u00fcntet\u0151port\u00f3 n\u00e9lk\u00fcl csup\u00e1n 1 heller port\u00f3val megterhelve"},"content":{"rendered":"","protected":false},"excerpt":{"rendered":"","protected":false},"featured_media":29098,"template":"","meta":[],"product_brand":[],"product_cat":[1178,1172],"product_tag":[1669,108,89,256],"class_list":{"0":"post-27722","1":"product","2":"type-product","3":"status-publish","4":"has-post-thumbnail","6":"product_cat-ausztria","7":"product_cat-magyarorszag","8":"product_tag-3rd-auction","9":"product_tag-porto","10":"product_tag-postatortenet","11":"product_tag-provizorium","13":"first","14":"outofstock","15":"sold-individually","16":"shipping-taxable","17":"purchasable","18":"product-type-simple"},"_links":{"self":[{"href":"https:\/\/stampcurio.com\/hu\/wp-json\/wp\/v2\/product\/27722","targetHints":{"allow":["GET"]}}],"collection":[{"href":"https:\/\/stampcurio.com\/hu\/wp-json\/wp\/v2\/product"}],"about":[{"href":"https:\/\/stampcurio.com\/hu\/wp-json\/wp\/v2\/types\/product"}],"wp:featuredmedia":[{"embeddable":true,"href":"https:\/\/stampcurio.com\/hu\/wp-json\/wp\/v2\/media\/29098"}],"wp:attachment":[{"href":"https:\/\/stampcurio.com\/hu\/wp-json\/wp\/v2\/media?parent=27722"}],"wp:term":[{"taxonomy":"product_brand","embeddable":true,"href":"https:\/\/stampcurio.com\/hu\/wp-json\/wp\/v2\/product_brand?post=27722"},{"taxonomy":"product_cat","embeddable":true,"href":"https:\/\/stampcurio.com\/hu\/wp-json\/wp\/v2\/product_cat?post=27722"},{"taxonomy":"product_tag","embeddable":true,"href":"https:\/\/stampcurio.com\/hu\/wp-json\/wp\/v2\/product_tag?post=27722"}],"curies":[{"name":"wp","href":"https:\/\/api.w.org\/{rel}","templated":true}]}}