{"id":27720,"date":"2025-11-24T16:32:03","date_gmt":"2025-11-24T15:32:03","guid":{"rendered":"https:\/\/stampcurio.com\/product\/1890-magyarorszag-nagy-meretu-es-sulyu-ajanlott-level-cimoldala-1-ft-40-kr-bermentesitessel-a-korszakbol-fennmaradt-legmagasabb-bermentesites\/"},"modified":"2026-01-05T15:02:50","modified_gmt":"2026-01-05T14:02:50","slug":"1890-magyarorszag-nagy-meretu-es-sulyu-hollandiaba-kuldott-ajanlott-level-cimoldala-1-ft-40-kr-bermentesitessel-a-korszakbol-fennmaradt-egyik-legmagasabb-level-bermentesites-13-sulyfokoz","status":"publish","type":"product","link":"https:\/\/stampcurio.com\/hu\/termek\/1890-magyarorszag-nagy-meretu-es-sulyu-hollandiaba-kuldott-ajanlott-level-cimoldala-1-ft-40-kr-bermentesitessel-a-korszakbol-fennmaradt-egyik-legmagasabb-level-bermentesites-13-sulyfokoz\/","title":{"rendered":"1890 Magyarorsz\u00e1g &#8211; Nagy m\u00e9ret\u0171 \u00e9s s\u00faly\u00fa Hollandi\u00e1ba k\u00fcld\u00f6tt aj\u00e1nlott lev\u00e9l c\u00edmoldala 1 Ft 40 kr b\u00e9rmentes\u00edt\u00e9ssel, a korszakb\u00f3l fennmaradt egyik legmagasabb lev\u00e9l b\u00e9rmentes\u00edt\u00e9s \u2013 13. s\u00falyfokozat"},"content":{"rendered":"","protected":false},"excerpt":{"rendered":"","protected":false},"featured_media":29041,"template":"","meta":[],"product_brand":[],"product_cat":[1259,1172],"product_tag":[1669,116,176,89,1006],"class_list":{"0":"post-27720","1":"product","2":"type-product","3":"status-publish","4":"has-post-thumbnail","6":"product_cat-hollandia","7":"product_cat-magyarorszag","8":"product_tag-3rd-auction","9":"product_tag-belyeg","10":"product_tag-philagem","11":"product_tag-postatortenet","12":"product_tag-unsold","14":"first","15":"instock","16":"sold-individually","17":"shipping-taxable","18":"purchasable","19":"product-type-simple"},"_links":{"self":[{"href":"https:\/\/stampcurio.com\/hu\/wp-json\/wp\/v2\/product\/27720","targetHints":{"allow":["GET"]}}],"collection":[{"href":"https:\/\/stampcurio.com\/hu\/wp-json\/wp\/v2\/product"}],"about":[{"href":"https:\/\/stampcurio.com\/hu\/wp-json\/wp\/v2\/types\/product"}],"wp:featuredmedia":[{"embeddable":true,"href":"https:\/\/stampcurio.com\/hu\/wp-json\/wp\/v2\/media\/29041"}],"wp:attachment":[{"href":"https:\/\/stampcurio.com\/hu\/wp-json\/wp\/v2\/media?parent=27720"}],"wp:term":[{"taxonomy":"product_brand","embeddable":true,"href":"https:\/\/stampcurio.com\/hu\/wp-json\/wp\/v2\/product_brand?post=27720"},{"taxonomy":"product_cat","embeddable":true,"href":"https:\/\/stampcurio.com\/hu\/wp-json\/wp\/v2\/product_cat?post=27720"},{"taxonomy":"product_tag","embeddable":true,"href":"https:\/\/stampcurio.com\/hu\/wp-json\/wp\/v2\/product_tag?post=27720"}],"curies":[{"name":"wp","href":"https:\/\/api.w.org\/{rel}","templated":true}]}}