{"id":27719,"date":"2025-11-24T16:32:03","date_gmt":"2025-11-24T15:32:03","guid":{"rendered":"https:\/\/stampcurio.com\/product\/1887-india-kasmir-indiai-vegyes-bermentesitett-boritek-ivszeles-belyeggel-teljes-tartalommal\/"},"modified":"2025-12-05T04:01:02","modified_gmt":"2025-12-05T03:01:02","slug":"1887-india-kashmir-vegyes-bermentesitesu-dijjegyes-boritek-szep-ivsarki-ivszeles-belyeggel-kigeszitve-teljes-tartalommal","status":"publish","type":"product","link":"https:\/\/stampcurio.com\/hu\/termek\/1887-india-kashmir-vegyes-bermentesitesu-dijjegyes-boritek-szep-ivsarki-ivszeles-belyeggel-kigeszitve-teljes-tartalommal\/","title":{"rendered":"1887 India &#8211; Kashm\u00edr \u2013 vegyes b\u00e9rmentes\u00edt\u00e9s\u0171 d\u00edjjegyes bor\u00edt\u00e9k sz\u00e9p \u00edvsarki \u00edvsz\u00e9les b\u00e9lyeggel kig\u00e9sz\u00edtve, teljes tartalommal"},"content":{"rendered":"","protected":false},"excerpt":{"rendered":"<p>A bor\u00edt\u00e9k sarka hi\u00e1nyzik.<\/p>\n","protected":false},"featured_media":29055,"template":"","meta":[],"product_brand":[],"product_cat":[1186,1206],"product_tag":[1669,116,74,89],"class_list":{"0":"post-27719","1":"product","2":"type-product","3":"status-publish","4":"has-post-thumbnail","6":"product_cat-brit-birodalom","7":"product_cat-india","8":"product_tag-3rd-auction","9":"product_tag-belyeg","10":"product_tag-dijjegyes","11":"product_tag-postatortenet","13":"first","14":"outofstock","15":"sold-individually","16":"shipping-taxable","17":"purchasable","18":"product-type-simple"},"_links":{"self":[{"href":"https:\/\/stampcurio.com\/hu\/wp-json\/wp\/v2\/product\/27719","targetHints":{"allow":["GET"]}}],"collection":[{"href":"https:\/\/stampcurio.com\/hu\/wp-json\/wp\/v2\/product"}],"about":[{"href":"https:\/\/stampcurio.com\/hu\/wp-json\/wp\/v2\/types\/product"}],"wp:featuredmedia":[{"embeddable":true,"href":"https:\/\/stampcurio.com\/hu\/wp-json\/wp\/v2\/media\/29055"}],"wp:attachment":[{"href":"https:\/\/stampcurio.com\/hu\/wp-json\/wp\/v2\/media?parent=27719"}],"wp:term":[{"taxonomy":"product_brand","embeddable":true,"href":"https:\/\/stampcurio.com\/hu\/wp-json\/wp\/v2\/product_brand?post=27719"},{"taxonomy":"product_cat","embeddable":true,"href":"https:\/\/stampcurio.com\/hu\/wp-json\/wp\/v2\/product_cat?post=27719"},{"taxonomy":"product_tag","embeddable":true,"href":"https:\/\/stampcurio.com\/hu\/wp-json\/wp\/v2\/product_tag?post=27719"}],"curies":[{"name":"wp","href":"https:\/\/api.w.org\/{rel}","templated":true}]}}