{"id":27718,"date":"2025-11-24T16:32:02","date_gmt":"2025-11-24T15:32:02","guid":{"rendered":"https:\/\/stampcurio.com\/product\/1915-magyarorszag-expressz-nem-ajanlott-boritek-cernikbol-svajcba-kuldve-mozgoposta-belyegzessel-cenzurazva\/"},"modified":"2026-01-05T15:02:51","modified_gmt":"2026-01-05T14:02:51","slug":"1915-magyarorszag-expressz-de-nem-ajanlott-boritek-cernikbol-svajcba-kuldve-mozgoposta-belyegzessel-es-cenzurazva","status":"publish","type":"product","link":"https:\/\/stampcurio.com\/hu\/termek\/1915-magyarorszag-expressz-de-nem-ajanlott-boritek-cernikbol-svajcba-kuldve-mozgoposta-belyegzessel-es-cenzurazva\/","title":{"rendered":"1915 Magyarorsz\u00e1g &#8211; Expressz, de nem aj\u00e1nlott bor\u00edt\u00e9k Cernikb\u0151l Sv\u00e1jcba k\u00fcldve, mozg\u00f3posta b\u00e9lyegz\u00e9ssel \u00e9s cenz\u00far\u00e1zva"},"content":{"rendered":"","protected":false},"excerpt":{"rendered":"<p>A k\u00fclf\u00f6ldre k\u00fcld\u00f6tt aj\u00e1nl\u00e1s n\u00e9lk\u00fcli express k\u00fcldem\u00e9nyek ritk\u00e1k.<\/p>\n","protected":false},"featured_media":29045,"template":"","meta":[],"product_brand":[],"product_cat":[1192,1172],"product_tag":[1669,1041,1267,89,1006],"class_list":{"0":"post-27718","1":"product","2":"type-product","3":"status-publish","4":"has-post-thumbnail","6":"product_cat-horvatorszag","7":"product_cat-magyarorszag","8":"product_tag-3rd-auction","9":"product_tag-marcophily-hu","10":"product_tag-mozgoposta","11":"product_tag-postatortenet","12":"product_tag-unsold","14":"first","15":"instock","16":"sold-individually","17":"shipping-taxable","18":"purchasable","19":"product-type-simple"},"_links":{"self":[{"href":"https:\/\/stampcurio.com\/hu\/wp-json\/wp\/v2\/product\/27718","targetHints":{"allow":["GET"]}}],"collection":[{"href":"https:\/\/stampcurio.com\/hu\/wp-json\/wp\/v2\/product"}],"about":[{"href":"https:\/\/stampcurio.com\/hu\/wp-json\/wp\/v2\/types\/product"}],"wp:featuredmedia":[{"embeddable":true,"href":"https:\/\/stampcurio.com\/hu\/wp-json\/wp\/v2\/media\/29045"}],"wp:attachment":[{"href":"https:\/\/stampcurio.com\/hu\/wp-json\/wp\/v2\/media?parent=27718"}],"wp:term":[{"taxonomy":"product_brand","embeddable":true,"href":"https:\/\/stampcurio.com\/hu\/wp-json\/wp\/v2\/product_brand?post=27718"},{"taxonomy":"product_cat","embeddable":true,"href":"https:\/\/stampcurio.com\/hu\/wp-json\/wp\/v2\/product_cat?post=27718"},{"taxonomy":"product_tag","embeddable":true,"href":"https:\/\/stampcurio.com\/hu\/wp-json\/wp\/v2\/product_tag?post=27718"}],"curies":[{"name":"wp","href":"https:\/\/api.w.org\/{rel}","templated":true}]}}