{"id":27716,"date":"2025-11-24T16:32:02","date_gmt":"2025-11-24T15:32:02","guid":{"rendered":"https:\/\/stampcurio.com\/product\/1870-magyarorszag-svajcba-kuldott-tarifahelyes-boritek-1867-10-kr-belyeggel-bermentesitve\/"},"modified":"2026-01-05T15:02:50","modified_gmt":"2026-01-05T14:02:50","slug":"1867-magyarorszag-svajcba-kuldott-tarifahelyes-boritek-1870-ben-10-kr-belyeggel-bermentesitve","status":"publish","type":"product","link":"https:\/\/stampcurio.com\/hu\/termek\/1867-magyarorszag-svajcba-kuldott-tarifahelyes-boritek-1870-ben-10-kr-belyeggel-bermentesitve\/","title":{"rendered":"1867 Magyarorsz\u00e1g &#8211; Sv\u00e1jcba k\u00fcld\u00f6tt tarifahelyes bor\u00edt\u00e9k 1870-ben 10 kr b\u00e9lyeggel b\u00e9rmentes\u00edtve"},"content":{"rendered":"","protected":false},"excerpt":{"rendered":"","protected":false},"featured_media":29032,"template":"","meta":[],"product_brand":[],"product_cat":[1178,1172],"product_tag":[1669,116,89,1006],"class_list":{"0":"post-27716","1":"product","2":"type-product","3":"status-publish","4":"has-post-thumbnail","6":"product_cat-ausztria","7":"product_cat-magyarorszag","8":"product_tag-3rd-auction","9":"product_tag-belyeg","10":"product_tag-postatortenet","11":"product_tag-unsold","13":"first","14":"instock","15":"sold-individually","16":"shipping-taxable","17":"purchasable","18":"product-type-simple"},"_links":{"self":[{"href":"https:\/\/stampcurio.com\/hu\/wp-json\/wp\/v2\/product\/27716","targetHints":{"allow":["GET"]}}],"collection":[{"href":"https:\/\/stampcurio.com\/hu\/wp-json\/wp\/v2\/product"}],"about":[{"href":"https:\/\/stampcurio.com\/hu\/wp-json\/wp\/v2\/types\/product"}],"wp:featuredmedia":[{"embeddable":true,"href":"https:\/\/stampcurio.com\/hu\/wp-json\/wp\/v2\/media\/29032"}],"wp:attachment":[{"href":"https:\/\/stampcurio.com\/hu\/wp-json\/wp\/v2\/media?parent=27716"}],"wp:term":[{"taxonomy":"product_brand","embeddable":true,"href":"https:\/\/stampcurio.com\/hu\/wp-json\/wp\/v2\/product_brand?post=27716"},{"taxonomy":"product_cat","embeddable":true,"href":"https:\/\/stampcurio.com\/hu\/wp-json\/wp\/v2\/product_cat?post=27716"},{"taxonomy":"product_tag","embeddable":true,"href":"https:\/\/stampcurio.com\/hu\/wp-json\/wp\/v2\/product_tag?post=27716"}],"curies":[{"name":"wp","href":"https:\/\/api.w.org\/{rel}","templated":true}]}}