{"id":27715,"date":"2025-11-24T16:32:01","date_gmt":"2025-11-24T15:32:01","guid":{"rendered":"https:\/\/stampcurio.com\/product\/1896-magyarorszag-5-kr-dijjegyes-levelezolap-hollandiaba-kuldve\/"},"modified":"2025-12-05T04:01:04","modified_gmt":"2025-12-05T03:01:04","slug":"1896-magyarorszag-5-kr-milleniumi-latkepes-dijjegyes-levelezolap-hollandiaba-kuldve","status":"publish","type":"product","link":"https:\/\/stampcurio.com\/hu\/termek\/1896-magyarorszag-5-kr-milleniumi-latkepes-dijjegyes-levelezolap-hollandiaba-kuldve\/","title":{"rendered":"1896 Magyarorsz\u00e1g &#8211; 5 kr milleniumi l\u00e1tk\u00e9pes d\u00edjjegyes levelez\u0151lap Hollandi\u00e1ba k\u00fcldve"},"content":{"rendered":"","protected":false},"excerpt":{"rendered":"<p>Az 5kr milleniumi d\u00edjjegyes lap szab\u00e1lyszer\u0171 felhaszn\u00e1l\u00e1sa ritka!<\/p>\n","protected":false},"featured_media":29192,"template":"","meta":[],"product_brand":[],"product_cat":[1172],"product_tag":[1669,74,89],"class_list":{"0":"post-27715","1":"product","2":"type-product","3":"status-publish","4":"has-post-thumbnail","6":"product_cat-magyarorszag","7":"product_tag-3rd-auction","8":"product_tag-dijjegyes","9":"product_tag-postatortenet","11":"first","12":"outofstock","13":"sold-individually","14":"shipping-taxable","15":"purchasable","16":"product-type-simple"},"_links":{"self":[{"href":"https:\/\/stampcurio.com\/hu\/wp-json\/wp\/v2\/product\/27715","targetHints":{"allow":["GET"]}}],"collection":[{"href":"https:\/\/stampcurio.com\/hu\/wp-json\/wp\/v2\/product"}],"about":[{"href":"https:\/\/stampcurio.com\/hu\/wp-json\/wp\/v2\/types\/product"}],"wp:featuredmedia":[{"embeddable":true,"href":"https:\/\/stampcurio.com\/hu\/wp-json\/wp\/v2\/media\/29192"}],"wp:attachment":[{"href":"https:\/\/stampcurio.com\/hu\/wp-json\/wp\/v2\/media?parent=27715"}],"wp:term":[{"taxonomy":"product_brand","embeddable":true,"href":"https:\/\/stampcurio.com\/hu\/wp-json\/wp\/v2\/product_brand?post=27715"},{"taxonomy":"product_cat","embeddable":true,"href":"https:\/\/stampcurio.com\/hu\/wp-json\/wp\/v2\/product_cat?post=27715"},{"taxonomy":"product_tag","embeddable":true,"href":"https:\/\/stampcurio.com\/hu\/wp-json\/wp\/v2\/product_tag?post=27715"}],"curies":[{"name":"wp","href":"https:\/\/api.w.org\/{rel}","templated":true}]}}