{"id":27714,"date":"2025-11-24T16:32:01","date_gmt":"2025-11-24T15:32:01","guid":{"rendered":"https:\/\/stampcurio.com\/product\/1896-magyarorszag-dijjegyes-levelezolap-franciaorszagba-kuldve-2-kr-kiegeszitessel-de-1-kr-alulbermentesitve-nemetorszagban-atslisszolt-a-postan-igy-a-portozast-meguszta\/"},"modified":"2025-12-05T04:01:04","modified_gmt":"2025-12-05T03:01:04","slug":"1896-magyarorszag-milleniumi-2-krajcaros-dijjegyes-levelezolap-franciaorszagba-kuldve-2-krajcaros-1881-kiegeszitessel","status":"publish","type":"product","link":"https:\/\/stampcurio.com\/hu\/termek\/1896-magyarorszag-milleniumi-2-krajcaros-dijjegyes-levelezolap-franciaorszagba-kuldve-2-krajcaros-1881-kiegeszitessel\/","title":{"rendered":"1896 Magyarorsz\u00e1g \u2013 Milleniumi 2 krajc\u00e1ros d\u00edjjegyes levelez\u0151lap Franciaorsz\u00e1gba k\u00fcldve 2 krajc\u00e1ros (1881) kieg\u00e9sz\u00edt\u00e9ssel"},"content":{"rendered":"","protected":false},"excerpt":{"rendered":"<p>A lap 1kr alulb\u00e9rmentes\u00edtve, de a port\u00f3z\u00e1st meg\u00faszta!<\/p>\n<p>A b\u00e9lyeg jobb fels\u0151 sarkon s\u00e9r\u00fclt.<\/p>\n","protected":false},"featured_media":29194,"template":"","meta":[],"product_brand":[],"product_cat":[1172,1189],"product_tag":[1669,116,74,89],"class_list":{"0":"post-27714","1":"product","2":"type-product","3":"status-publish","4":"has-post-thumbnail","6":"product_cat-magyarorszag","7":"product_cat-szlovakia","8":"product_tag-3rd-auction","9":"product_tag-belyeg","10":"product_tag-dijjegyes","11":"product_tag-postatortenet","13":"first","14":"outofstock","15":"sold-individually","16":"shipping-taxable","17":"purchasable","18":"product-type-simple"},"_links":{"self":[{"href":"https:\/\/stampcurio.com\/hu\/wp-json\/wp\/v2\/product\/27714","targetHints":{"allow":["GET"]}}],"collection":[{"href":"https:\/\/stampcurio.com\/hu\/wp-json\/wp\/v2\/product"}],"about":[{"href":"https:\/\/stampcurio.com\/hu\/wp-json\/wp\/v2\/types\/product"}],"wp:featuredmedia":[{"embeddable":true,"href":"https:\/\/stampcurio.com\/hu\/wp-json\/wp\/v2\/media\/29194"}],"wp:attachment":[{"href":"https:\/\/stampcurio.com\/hu\/wp-json\/wp\/v2\/media?parent=27714"}],"wp:term":[{"taxonomy":"product_brand","embeddable":true,"href":"https:\/\/stampcurio.com\/hu\/wp-json\/wp\/v2\/product_brand?post=27714"},{"taxonomy":"product_cat","embeddable":true,"href":"https:\/\/stampcurio.com\/hu\/wp-json\/wp\/v2\/product_cat?post=27714"},{"taxonomy":"product_tag","embeddable":true,"href":"https:\/\/stampcurio.com\/hu\/wp-json\/wp\/v2\/product_tag?post=27714"}],"curies":[{"name":"wp","href":"https:\/\/api.w.org\/{rel}","templated":true}]}}