{"id":27712,"date":"2025-11-24T16:32:00","date_gmt":"2025-11-24T15:32:00","guid":{"rendered":"https:\/\/stampcurio.com\/product\/1896-magyarorszag-dijjegyes-levelezolap-amszterdamba-kuldve-5-kr-kiegeszitessel-ritka-susine-gjurgenhovac-belyegzessel-2-kr-tulbermentesitessel-dekorativ-darab\/"},"modified":"2025-12-05T04:01:04","modified_gmt":"2025-12-05T03:01:04","slug":"1896-magyarorszag-milleniumi-2-krajcaros-dijjegyes-levelezolap-hollandiaba-kuldve-5-kr-kiegeszitessel-ritka-susine-gjurgenhovac-belyegzessel-2-kr-tulbermentesitessel-dekorativ-da","status":"publish","type":"product","link":"https:\/\/stampcurio.com\/hu\/termek\/1896-magyarorszag-milleniumi-2-krajcaros-dijjegyes-levelezolap-hollandiaba-kuldve-5-kr-kiegeszitessel-ritka-susine-gjurgenhovac-belyegzessel-2-kr-tulbermentesitessel-dekorativ-da\/","title":{"rendered":"1896 Magyarorsz\u00e1g \u2013 Milleniumi 2 krajc\u00e1ros d\u00edjjegyes levelez\u0151lap Hollandi\u00e1ba k\u00fcldve 5 kr kieg\u00e9sz\u00edt\u00e9ssel, ritka SUSINE GJURGENHOVAC b\u00e9lyegz\u00e9ssel, 2 kr t\u00falb\u00e9rmentes\u00edt\u00e9ssel \u2013 dekorat\u00edv darab"},"content":{"rendered":"","protected":false},"excerpt":{"rendered":"<p>A kis postahivatalokban t\u00f6bbsz\u00f6r el\u0151fordult, mert nem tudt\u00e1k, hogy a d\u00edjjegyes lapokat elfogadj\u00e1k-e k\u00fclf\u00f6ld\u00f6n, ez\u00e9rt a d\u00edjjegyet figyelmen k\u00edv\u00fcl hagyva a teljes d\u00edjat postab\u00e9lyeggel fizett\u00e9k meg.<\/p>\n","protected":false},"featured_media":29176,"template":"","meta":[],"product_brand":[],"product_cat":[1192,1172],"product_tag":[1669,116,74,89],"class_list":{"0":"post-27712","1":"product","2":"type-product","3":"status-publish","4":"has-post-thumbnail","6":"product_cat-horvatorszag","7":"product_cat-magyarorszag","8":"product_tag-3rd-auction","9":"product_tag-belyeg","10":"product_tag-dijjegyes","11":"product_tag-postatortenet","13":"first","14":"outofstock","15":"sold-individually","16":"shipping-taxable","17":"purchasable","18":"product-type-simple"},"_links":{"self":[{"href":"https:\/\/stampcurio.com\/hu\/wp-json\/wp\/v2\/product\/27712","targetHints":{"allow":["GET"]}}],"collection":[{"href":"https:\/\/stampcurio.com\/hu\/wp-json\/wp\/v2\/product"}],"about":[{"href":"https:\/\/stampcurio.com\/hu\/wp-json\/wp\/v2\/types\/product"}],"wp:featuredmedia":[{"embeddable":true,"href":"https:\/\/stampcurio.com\/hu\/wp-json\/wp\/v2\/media\/29176"}],"wp:attachment":[{"href":"https:\/\/stampcurio.com\/hu\/wp-json\/wp\/v2\/media?parent=27712"}],"wp:term":[{"taxonomy":"product_brand","embeddable":true,"href":"https:\/\/stampcurio.com\/hu\/wp-json\/wp\/v2\/product_brand?post=27712"},{"taxonomy":"product_cat","embeddable":true,"href":"https:\/\/stampcurio.com\/hu\/wp-json\/wp\/v2\/product_cat?post=27712"},{"taxonomy":"product_tag","embeddable":true,"href":"https:\/\/stampcurio.com\/hu\/wp-json\/wp\/v2\/product_tag?post=27712"}],"curies":[{"name":"wp","href":"https:\/\/api.w.org\/{rel}","templated":true}]}}