{"id":27710,"date":"2025-11-24T16:31:59","date_gmt":"2025-11-24T15:31:59","guid":{"rendered":"https:\/\/stampcurio.com\/product\/1900-magyarorszag-turul-50-filler-b1-vizjelallas-e-fog-postatiszta-szep-minosegu-negyestomb\/"},"modified":"2026-01-05T15:02:52","modified_gmt":"2026-01-05T14:02:52","slug":"1900-magyarorszag-turul-50-filler-postatiszta-negyestomb-szamvizjellel-ba-vizjel-allassal-12-s-e-fogazattal-szep-minoseg-mi-65a-phu-81e-150-eur","status":"publish","type":"product","link":"https:\/\/stampcurio.com\/hu\/termek\/1900-magyarorszag-turul-50-filler-postatiszta-negyestomb-szamvizjellel-ba-vizjel-allassal-12-s-e-fogazattal-szep-minoseg-mi-65a-phu-81e-150-eur\/","title":{"rendered":"1900 Magyarorsz\u00e1g &#8211; Turul 50 fill\u00e9r postatiszta * n\u00e9gyest\u00f6mb sz\u00e1mv\u00edzjellel, Ba  v\u00edzjel \u00e1ll\u00e1ssal, 12-s (&#8220;E&#8221;) fogazattal, sz\u00e9p min\u0151s\u00e9g Mi 65A | Phu: 81E \/ 150++ EUR"},"content":{"rendered":"","protected":false},"excerpt":{"rendered":"","protected":false},"featured_media":31542,"template":"","meta":[],"product_brand":[],"product_cat":[1172],"product_tag":[1669,116,1006],"class_list":{"0":"post-27710","1":"product","2":"type-product","3":"status-publish","4":"has-post-thumbnail","6":"product_cat-magyarorszag","7":"product_tag-3rd-auction","8":"product_tag-belyeg","9":"product_tag-unsold","11":"first","12":"instock","13":"sold-individually","14":"shipping-taxable","15":"purchasable","16":"product-type-simple"},"_links":{"self":[{"href":"https:\/\/stampcurio.com\/hu\/wp-json\/wp\/v2\/product\/27710","targetHints":{"allow":["GET"]}}],"collection":[{"href":"https:\/\/stampcurio.com\/hu\/wp-json\/wp\/v2\/product"}],"about":[{"href":"https:\/\/stampcurio.com\/hu\/wp-json\/wp\/v2\/types\/product"}],"wp:featuredmedia":[{"embeddable":true,"href":"https:\/\/stampcurio.com\/hu\/wp-json\/wp\/v2\/media\/31542"}],"wp:attachment":[{"href":"https:\/\/stampcurio.com\/hu\/wp-json\/wp\/v2\/media?parent=27710"}],"wp:term":[{"taxonomy":"product_brand","embeddable":true,"href":"https:\/\/stampcurio.com\/hu\/wp-json\/wp\/v2\/product_brand?post=27710"},{"taxonomy":"product_cat","embeddable":true,"href":"https:\/\/stampcurio.com\/hu\/wp-json\/wp\/v2\/product_cat?post=27710"},{"taxonomy":"product_tag","embeddable":true,"href":"https:\/\/stampcurio.com\/hu\/wp-json\/wp\/v2\/product_tag?post=27710"}],"curies":[{"name":"wp","href":"https:\/\/api.w.org\/{rel}","templated":true}]}}